{"id":9833,"date":"2024-03-27T20:20:57","date_gmt":"2024-03-27T19:20:57","guid":{"rendered":"https:\/\/website.metgis.com\/kontakt\/"},"modified":"2025-05-07T13:30:13","modified_gmt":"2025-05-07T11:30:13","slug":"contacto","status":"publish","type":"page","link":"https:\/\/metgis.com\/es\/contacto\/","title":{"rendered":"Contacto"},"content":{"rendered":"<\/p>\n\n<style type=\"text\/css\" data-created_by=\"avia_inline_auto\" id=\"style-css-av-lsyv3d5i-26931641c9e4e0e8b71821d08f346de1\">\n.avia-section.av-lsyv3d5i-26931641c9e4e0e8b71821d08f346de1 .av-section-color-overlay{\nopacity:0.5;\nbackground-color:#164e7b;\n}\n<\/style>\n<div id='av_section_1'  class='avia-section av-lsyv3d5i-26931641c9e4e0e8b71821d08f346de1 main_color avia-section-default avia-no-border-styling  avia-builder-el-0  el_before_av_section  avia-builder-el-first  subpage-section avia-bg-style-scroll av-section-color-overlay-active av-minimum-height av-minimum-height-custom av-height-custom  container_wrap fullsize'   data-av_minimum_height_px='388'><div class=\"av-section-color-overlay-wrap\"><div class=\"av-section-color-overlay\"><\/div><div class='container av-section-cont-open' style='height:388px'><main  role=\"main\" itemprop=\"mainContentOfPage\"  class='template-page content  av-content-full alpha units'><div class='post-entry post-entry-type-page post-entry-9833'><div class='entry-content-wrapper clearfix'>\n<div  class='flex_column av-v0wr-cf442c1848686813548fea6953a97ff6 av_one_full  avia-builder-el-1  avia-builder-el-no-sibling  first flex_column_div  '     ><style type=\"text\/css\" data-created_by=\"avia_inline_auto\" id=\"style-css-av-lsyvm1bc-ac278fbd5b020211aebb0c153ed17d7b\">\n#top .av-special-heading.av-lsyvm1bc-ac278fbd5b020211aebb0c153ed17d7b{\npadding-bottom:10px;\n}\nbody .av-special-heading.av-lsyvm1bc-ac278fbd5b020211aebb0c153ed17d7b .av-special-heading-tag .heading-char{\nfont-size:25px;\n}\n.av-special-heading.av-lsyvm1bc-ac278fbd5b020211aebb0c153ed17d7b .av-subheading{\nfont-size:15px;\n}\n<\/style>\n<div  class='av-special-heading av-lsyvm1bc-ac278fbd5b020211aebb0c153ed17d7b av-special-heading-h1 blockquote modern-quote  avia-builder-el-2  avia-builder-el-no-sibling '><h1 class='av-special-heading-tag'  itemprop=\"headline\"  >Contacto<\/h1><div class=\"special-heading-border\"><div class=\"special-heading-inner-border\"><\/div><\/div><\/div><\/div>\n\n<\/div><\/div><\/main><!-- close content main element --><\/div><\/div><\/div>\n<style type=\"text\/css\" data-created_by=\"avia_inline_auto\" id=\"style-css-av-lth8zq3u-159dea3260023284c54fb9d4f63b24bd\">\n.avia-section.av-lth8zq3u-159dea3260023284c54fb9d4f63b24bd{\nbackground-color:#ffffff;\nbackground-image:unset;\n}\n<\/style>\n<div id='av_section_2'  class='avia-section av-lth8zq3u-159dea3260023284c54fb9d4f63b24bd main_color avia-section-default avia-no-border-styling  avia-builder-el-3  el_after_av_section  el_before_av_section  kontakt-section avia-bg-style-scroll container_wrap fullsize'  ><div class='container av-section-cont-open' ><div class='template-page content  av-content-full alpha units'><div class='post-entry post-entry-type-page post-entry-9833'><div class='entry-content-wrapper clearfix'>\n<div class='flex_column_table av-b1prc-519d8603046ae608c359528e8906ec26 sc-av_one_third av-equal-height-column-flextable'>\n<style type=\"text\/css\" data-created_by=\"avia_inline_auto\" id=\"style-css-av-b1prc-519d8603046ae608c359528e8906ec26\">\n.flex_column.av-b1prc-519d8603046ae608c359528e8906ec26{\nwidth:32%;\nmargin-left:0;\nbackground-color:#164e7b;\n}\n#top .flex_column_table.av-equal-height-column-flextable.av-b1prc-519d8603046ae608c359528e8906ec26 .av-flex-placeholder{\nwidth:2%;\n}\n<\/style>\n<div  class='flex_column av-b1prc-519d8603046ae608c359528e8906ec26 av_one_third  avia-builder-el-4  el_before_av_one_third  avia-builder-el-first  kontakt-box first flex_column_table_cell av-equal-height-column av-align-top  '     ><p>\n<style type=\"text\/css\" data-created_by=\"avia_inline_auto\" id=\"style-css-av-lua8m0ei-e3e83ea8ef8ac9db5f2b611c6e91062f\">\n.avia-image-container.av-lua8m0ei-e3e83ea8ef8ac9db5f2b611c6e91062f img.avia_image{\nbox-shadow:none;\n}\n.avia-image-container.av-lua8m0ei-e3e83ea8ef8ac9db5f2b611c6e91062f .av-image-caption-overlay-center{\ncolor:#ffffff;\n}\n<\/style>\n<div  class='avia-image-container av-lua8m0ei-e3e83ea8ef8ac9db5f2b611c6e91062f av-styling- avia-align-center  avia-builder-el-5  el_before_av_heading  avia-builder-el-first '   itemprop=\"image\" itemscope=\"itemscope\" itemtype=\"https:\/\/schema.org\/ImageObject\" ><div class=\"avia-image-container-inner\"><div class=\"avia-image-overlay-wrap\"><img decoding=\"async\"   fetchpriority=\"high\" class='wp-image-9834 avia-img-lazy-loading-not-9834 avia_image ' src=\"https:\/\/metgis.com\/wp-content\/uploads\/2024\/03\/question.svg\" alt='' title='question'   itemprop=\"thumbnailUrl\"  \/><\/div><\/div><\/div><br \/>\n\n<style type=\"text\/css\" data-created_by=\"avia_inline_auto\" id=\"style-css-av-lua7lkc3-8afa0c73134014dad1e020fc66a757eb\">\n#top .av-special-heading.av-lua7lkc3-8afa0c73134014dad1e020fc66a757eb{\npadding-bottom:10px;\n}\nbody .av-special-heading.av-lua7lkc3-8afa0c73134014dad1e020fc66a757eb .av-special-heading-tag .heading-char{\nfont-size:25px;\n}\n.av-special-heading.av-lua7lkc3-8afa0c73134014dad1e020fc66a757eb .av-subheading{\nfont-size:15px;\n}\n<\/style>\n<div  class='av-special-heading av-lua7lkc3-8afa0c73134014dad1e020fc66a757eb av-special-heading-h2 blockquote modern-quote modern-centered  avia-builder-el-6  el_after_av_image  el_before_av_textblock '><h2 class='av-special-heading-tag'  itemprop=\"headline\"  >Consultas<\/h2><div class=\"special-heading-border\"><div class=\"special-heading-inner-border\"><\/div><\/div><\/div><br \/>\n<section  class='av_textblock_section av-lua7ltsb-40b8f221282bfa3284b285281d48e74d '   itemscope=\"itemscope\" itemtype=\"https:\/\/schema.org\/CreativeWork\" ><div class='avia_textblock'  itemprop=\"text\" ><p style=\"text-align: center;\">Si tienes alguna pregunta sobre nuestros productos, estaremos encantados de responderte.<\/p>\n<\/div><\/section><br \/>\n<section  class='av_textblock_section av-aauxs-4f9d4cf7bd10b7f10a208c7d60ed3594 '   itemscope=\"itemscope\" itemtype=\"https:\/\/schema.org\/CreativeWork\" ><div class='avia_textblock'  itemprop=\"text\" ><p style=\"text-align: center;\"><a href=\"tel:+4318909032\">+43 (0)1 890 90 32<\/a><\/p>\n<\/div><\/section><br \/>\n<div  class='avia-button-wrap av-lv26bfqz-a8ab20362f273b6480fa67745ee3b5ae-wrap avia-button-center  avia-builder-el-9  el_after_av_textblock  avia-builder-el-last '><a href='#kontakt-form'  class='avia-button av-lv26bfqz-a8ab20362f273b6480fa67745ee3b5ae av-link-btn avia-icon_select-yes-right-icon avia-size-large avia-position-center avia-color-theme-color'  ><span class='avia_iconbox_title' >Ponte en contacto con nosotros<\/span><span class='avia_button_icon avia_button_icon_right' aria-hidden='true' data-av_icon='\ue877' data-av_iconfont='entypo-fontello'><\/span><\/a><\/div><\/p><\/div><div class='av-flex-placeholder'><\/div>\n<style type=\"text\/css\" data-created_by=\"avia_inline_auto\" id=\"style-css-av-h8cf4-eebd8b8f1046727ced925fddda5188fd\">\n.flex_column.av-h8cf4-eebd8b8f1046727ced925fddda5188fd{\nwidth:32%;\nmargin-left:0;\nbackground-color:#164e7b;\n}\n#top .flex_column_table.av-equal-height-column-flextable.av-h8cf4-eebd8b8f1046727ced925fddda5188fd .av-flex-placeholder{\nwidth:2%;\n}\n<\/style>\n<div  class='flex_column av-h8cf4-eebd8b8f1046727ced925fddda5188fd av_one_third  avia-builder-el-10  el_after_av_one_third  el_before_av_one_third  kontakt-box flex_column_table_cell av-equal-height-column av-align-top  '     ><p>\n<style type=\"text\/css\" data-created_by=\"avia_inline_auto\" id=\"style-css-av-lua8p8ml-13bfde267f5ac80b67396a025f252c02\">\n.avia-image-container.av-lua8p8ml-13bfde267f5ac80b67396a025f252c02 img.avia_image{\nbox-shadow:none;\n}\n.avia-image-container.av-lua8p8ml-13bfde267f5ac80b67396a025f252c02 .av-image-caption-overlay-center{\ncolor:#ffffff;\n}\n<\/style>\n<div  class='avia-image-container av-lua8p8ml-13bfde267f5ac80b67396a025f252c02 av-styling- avia-align-center  avia-builder-el-11  el_before_av_heading  avia-builder-el-first '   itemprop=\"image\" itemscope=\"itemscope\" itemtype=\"https:\/\/schema.org\/ImageObject\" ><div class=\"avia-image-container-inner\"><div class=\"avia-image-overlay-wrap\"><img decoding=\"async\"   fetchpriority=\"high\" class='wp-image-7113 avia-img-lazy-loading-not-7113 avia_image ' src=\"https:\/\/metgis.com\/wp-content\/uploads\/2024\/03\/support.svg\" alt='' title='support'   itemprop=\"thumbnailUrl\"  \/><\/div><\/div><\/div><br \/>\n\n<style type=\"text\/css\" data-created_by=\"avia_inline_auto\" id=\"style-css-av-lua8pl9j-2f26fc0e7b085e49b95cd0fc9b0e00a4\">\n#top .av-special-heading.av-lua8pl9j-2f26fc0e7b085e49b95cd0fc9b0e00a4{\npadding-bottom:10px;\n}\nbody .av-special-heading.av-lua8pl9j-2f26fc0e7b085e49b95cd0fc9b0e00a4 .av-special-heading-tag .heading-char{\nfont-size:25px;\n}\n.av-special-heading.av-lua8pl9j-2f26fc0e7b085e49b95cd0fc9b0e00a4 .av-subheading{\nfont-size:15px;\n}\n<\/style>\n<div  class='av-special-heading av-lua8pl9j-2f26fc0e7b085e49b95cd0fc9b0e00a4 av-special-heading-h2 blockquote modern-quote modern-centered  avia-builder-el-12  el_after_av_image  el_before_av_textblock '><h2 class='av-special-heading-tag'  itemprop=\"headline\"  >Asistencia t\u00e9cnica<\/h2><div class=\"special-heading-border\"><div class=\"special-heading-inner-border\"><\/div><\/div><\/div><br \/>\n<section  class='av_textblock_section av-lua8pquf-46577e11dcf884f489ee6d6aaf0a84f5 '   itemscope=\"itemscope\" itemtype=\"https:\/\/schema.org\/CreativeWork\" ><div class='avia_textblock'  itemprop=\"text\" ><p style=\"text-align: center;\">Si tienes alguna pregunta sobre nuestra tecnolog\u00eda y API, podemos ayudarte:<\/p>\n<\/div><\/section><br \/>\n<section  class='av_textblock_section av-lvnf519f-7fbc92dcd5eaf7fabd494c9cfda62004 '   itemscope=\"itemscope\" itemtype=\"https:\/\/schema.org\/CreativeWork\" ><div class='avia_textblock'  itemprop=\"text\" ><p style=\"text-align: center;\"><a href=\"mailto:support@metgis.com\"><a href=\"mailto:support@metgis.com\">support@metgis.com<\/a><\/a><\/p>\n<\/div><\/section><\/p><\/div><div class='av-flex-placeholder'><\/div>\n<style type=\"text\/css\" data-created_by=\"avia_inline_auto\" id=\"style-css-av-16r7k-1370afd5eae4d82ed758b7d4106cce10\">\n.flex_column.av-16r7k-1370afd5eae4d82ed758b7d4106cce10{\nwidth:32%;\nmargin-left:0;\nbackground-color:#164e7b;\n}\n#top .flex_column_table.av-equal-height-column-flextable.av-16r7k-1370afd5eae4d82ed758b7d4106cce10 .av-flex-placeholder{\nwidth:2%;\n}\n<\/style>\n<div  class='flex_column av-16r7k-1370afd5eae4d82ed758b7d4106cce10 av_one_third  avia-builder-el-15  el_after_av_one_third  avia-builder-el-last  kontakt-box flex_column_table_cell av-equal-height-column av-align-top  '     ><p>\n<style type=\"text\/css\" data-created_by=\"avia_inline_auto\" id=\"style-css-av-lua8pejj-3c4ad6682f41e17fd43b3420ea415f1f\">\n.avia-image-container.av-lua8pejj-3c4ad6682f41e17fd43b3420ea415f1f img.avia_image{\nbox-shadow:none;\n}\n.avia-image-container.av-lua8pejj-3c4ad6682f41e17fd43b3420ea415f1f .av-image-caption-overlay-center{\ncolor:#ffffff;\n}\n<\/style>\n<div  class='avia-image-container av-lua8pejj-3c4ad6682f41e17fd43b3420ea415f1f av-styling- avia-align-center  avia-builder-el-16  el_before_av_heading  avia-builder-el-first '   itemprop=\"image\" itemscope=\"itemscope\" itemtype=\"https:\/\/schema.org\/ImageObject\" ><div class=\"avia-image-container-inner\"><div class=\"avia-image-overlay-wrap\"><img decoding=\"async\"   fetchpriority=\"high\" class='wp-image-9835 avia-img-lazy-loading-not-9835 avia_image ' src=\"https:\/\/metgis.com\/wp-content\/uploads\/2024\/03\/marketing.svg\" alt='' title='marketing'   itemprop=\"thumbnailUrl\"  \/><\/div><\/div><\/div><br \/>\n\n<style type=\"text\/css\" data-created_by=\"avia_inline_auto\" id=\"style-css-av-lua8qemb-ef2a94cd7ce559e28520796d4390bc94\">\n#top .av-special-heading.av-lua8qemb-ef2a94cd7ce559e28520796d4390bc94{\npadding-bottom:10px;\n}\nbody .av-special-heading.av-lua8qemb-ef2a94cd7ce559e28520796d4390bc94 .av-special-heading-tag .heading-char{\nfont-size:25px;\n}\n.av-special-heading.av-lua8qemb-ef2a94cd7ce559e28520796d4390bc94 .av-subheading{\nfont-size:15px;\n}\n<\/style>\n<div  class='av-special-heading av-lua8qemb-ef2a94cd7ce559e28520796d4390bc94 av-special-heading-h2 blockquote modern-quote modern-centered  avia-builder-el-17  el_after_av_image  el_before_av_textblock '><h2 class='av-special-heading-tag'  itemprop=\"headline\"  >Prensa y marketing<\/h2><div class=\"special-heading-border\"><div class=\"special-heading-inner-border\"><\/div><\/div><\/div><br \/>\n<section  class='av_textblock_section av-lua8qirj-8cf8140a43fa97d7f54298bdf28d21eb '   itemscope=\"itemscope\" itemtype=\"https:\/\/schema.org\/CreativeWork\" ><div class='avia_textblock'  itemprop=\"text\" ><p style=\"text-align: center;\">Para cualquier consulta relacionada con marketing y relaciones p\u00fablicas, ponte en contacto con<\/p>\n<\/div><\/section><br \/>\n<section  class='av_textblock_section av-lua7no7b-8b8baedefb972d8c746f21ba1b06a8e5 '   itemscope=\"itemscope\" itemtype=\"https:\/\/schema.org\/CreativeWork\" ><div class='avia_textblock'  itemprop=\"text\" ><p style=\"text-align: center;\"><a href=\"mailto:marketing@metgis.com\"><a href=\"mailto:marketing@metgis.com\">marketing@metgis.com<\/a><\/a><\/p>\n<\/div><\/section><\/p><\/div><\/div><!--close column table wrapper. Autoclose: 1 -->\n\n<\/div><\/div><\/div><!-- close content main div --><\/div><\/div>\n<style type=\"text\/css\" data-created_by=\"avia_inline_auto\" id=\"style-css-av-1yhwts-51a2bcb0743bf0c008418fc075ab0c61\">\n.avia-section.av-1yhwts-51a2bcb0743bf0c008418fc075ab0c61{\nbackground-color:#f5f5f5;\nbackground-image:unset;\n}\n<\/style>\n<div id='av_section_3'  class='avia-section av-1yhwts-51a2bcb0743bf0c008418fc075ab0c61 main_color avia-section-default avia-no-border-styling  avia-builder-el-20  el_after_av_section  avia-builder-el-last  kontakt-section api-section-shadow avia-bg-style-scroll container_wrap fullsize'  ><div class='container av-section-cont-open' ><div class='template-page content  av-content-full alpha units'><div class='post-entry post-entry-type-page post-entry-9833'><div class='entry-content-wrapper clearfix'>\n<div  class='flex_column av-1p83uo-1e6177004be8389bbdd73c0d8ff1f702 av_one_full  avia-builder-el-21  el_before_av_one_full  avia-builder-el-first  first flex_column_div  '     ><p>\n<style type=\"text\/css\" data-created_by=\"avia_inline_auto\" id=\"style-css-av-1nimw0-fbf71d7925d02937e1678e8ac38cdf97\">\n#top .av-special-heading.av-1nimw0-fbf71d7925d02937e1678e8ac38cdf97{\npadding-bottom:10px;\n}\nbody .av-special-heading.av-1nimw0-fbf71d7925d02937e1678e8ac38cdf97 .av-special-heading-tag .heading-char{\nfont-size:25px;\n}\n.av-special-heading.av-1nimw0-fbf71d7925d02937e1678e8ac38cdf97 .av-subheading{\nfont-size:15px;\n}\n<\/style>\n<div  class='av-special-heading av-1nimw0-fbf71d7925d02937e1678e8ac38cdf97 av-special-heading-h2 blockquote modern-quote  avia-builder-el-22  el_before_av_heading  avia-builder-el-first '><h2 class='av-special-heading-tag'  itemprop=\"headline\"  >Contacto<\/h2><div class=\"special-heading-border\"><div class=\"special-heading-inner-border\"><\/div><\/div><\/div><br \/>\n\n<style type=\"text\/css\" data-created_by=\"avia_inline_auto\" id=\"style-css-av-1geqp4-4ea3dfc70f9b8365765567f94598324e\">\n#top .av-special-heading.av-1geqp4-4ea3dfc70f9b8365765567f94598324e{\npadding-bottom:10px;\n}\nbody .av-special-heading.av-1geqp4-4ea3dfc70f9b8365765567f94598324e .av-special-heading-tag .heading-char{\nfont-size:25px;\n}\n.av-special-heading.av-1geqp4-4ea3dfc70f9b8365765567f94598324e .av-subheading{\nfont-size:15px;\n}\n<\/style>\n<div  class='av-special-heading av-1geqp4-4ea3dfc70f9b8365765567f94598324e av-special-heading-h3 blockquote modern-quote  avia-builder-el-23  el_after_av_heading  el_before_av_textblock  kontakt-h3'><h3 class='av-special-heading-tag'  itemprop=\"headline\"  >La forma m\u00e1s r\u00e1pida de obtener m\u00e1s informaci\u00f3n<\/h3><div class=\"special-heading-border\"><div class=\"special-heading-inner-border\"><\/div><\/div><\/div><br \/>\n<section  class='av_textblock_section av-18scm0-98c03bd10016d09cacdd2345b38fce90 '   itemscope=\"itemscope\" itemtype=\"https:\/\/schema.org\/CreativeWork\" ><div class='avia_textblock'  itemprop=\"text\" ><p><span data-offset-key=\"88ctu-0-0\">\u00bfTienes <\/span><span id=\"decorator-corrected-entity-id-2\" data-entity-key=\"2\" data-offset-key=\"88ctu-1-0\"><span data-offset-key=\"88ctu-1-0\">preguntas<\/span><\/span><span data-offset-key=\"88ctu-2-0\"> sobre nuestros servicios o cualquier otro asunto? Rellena el formulario de contacto o env\u00edanos <\/span>un correo electr\u00f3nico.<br \/>\nTambi\u00e9n esperamos tu llamada.<\/p>\n<\/div><\/section><\/p><\/div><div  id=\"kontakt-form\"  class='flex_column av-hj1g8-e9e3d401ca1aa04c17e72d0a9b3d496d av_one_full  avia-builder-el-25  el_after_av_one_full  el_before_av_one_fourth  first flex_column_div  column-top-margin'     ><\/div>\n<style type=\"text\/css\" data-created_by=\"avia_inline_auto\" id=\"style-css-av-11uis8-9c9e55acd1e9d83c5643fc80df83860b\">\n#top .flex_column.av-11uis8-9c9e55acd1e9d83c5643fc80df83860b{\nmargin-top:0px;\nmargin-bottom:0px;\n}\n.flex_column.av-11uis8-9c9e55acd1e9d83c5643fc80df83860b{\nwidth:24.25%;\n}\n.responsive #top #wrap_all .flex_column.av-11uis8-9c9e55acd1e9d83c5643fc80df83860b{\nmargin-top:0px;\nmargin-bottom:0px;\n}\n<\/style>\n<div  class='flex_column av-11uis8-9c9e55acd1e9d83c5643fc80df83860b av_one_fourth  avia-builder-el-27  el_after_av_one_full  el_before_av_one_fourth  first flex_column_div  column-top-margin'     ><style type=\"text\/css\" data-created_by=\"avia_inline_auto\" id=\"style-css-av-yb9rk-d54c8c8b319f0b5547081d4915145024\">\n#top .av_textblock_section.av-yb9rk-d54c8c8b319f0b5547081d4915145024 .avia_textblock{\ntext-align:left;\n}\n<\/style>\n<section  class='av_textblock_section av-yb9rk-d54c8c8b319f0b5547081d4915145024 '   itemscope=\"itemscope\" itemtype=\"https:\/\/schema.org\/CreativeWork\" ><div class='avia_textblock kontakt-withico'  itemprop=\"text\" ><p><img decoding=\"async\" class=\"alignnone wp-image-492\" src=\"https:\/\/metgis.com\/wp-content\/uploads\/2024\/03\/email-ico.svg\" alt=\"\" width=\"114\" height=\"90\"> <a href=\"mailto:office@metgis.com\">office@metgis.com<\/a><\/p>\n<\/div><\/section><\/div>\n<style type=\"text\/css\" data-created_by=\"avia_inline_auto\" id=\"style-css-av-q8m14-ff02c476d92b81e2798fe855edb0c8e6\">\n#top .flex_column.av-q8m14-ff02c476d92b81e2798fe855edb0c8e6{\nmargin-top:0px;\nmargin-bottom:0px;\n}\n.flex_column.av-q8m14-ff02c476d92b81e2798fe855edb0c8e6{\nwidth:24.25%;\nmargin-left:1%;\n}\n.responsive #top #wrap_all .flex_column.av-q8m14-ff02c476d92b81e2798fe855edb0c8e6{\nmargin-top:0px;\nmargin-bottom:0px;\n}\n<\/style>\n<div  class='flex_column av-q8m14-ff02c476d92b81e2798fe855edb0c8e6 av_one_fourth  avia-builder-el-29  el_after_av_one_fourth  avia-builder-el-last  flex_column_div  column-top-margin'     ><style type=\"text\/css\" data-created_by=\"avia_inline_auto\" id=\"style-css-av-mqgd4-56572f823d1a72aefb8c87485df3348a\">\n#top .av_textblock_section.av-mqgd4-56572f823d1a72aefb8c87485df3348a .avia_textblock{\ntext-align:left;\n}\n<\/style>\n<section  class='av_textblock_section av-mqgd4-56572f823d1a72aefb8c87485df3348a '   itemscope=\"itemscope\" itemtype=\"https:\/\/schema.org\/CreativeWork\" ><div class='avia_textblock kontakt-withico'  itemprop=\"text\" ><p><img decoding=\"async\" class=\"alignnone wp-image-494\" src=\"https:\/\/metgis.com\/wp-content\/uploads\/2024\/03\/tel-ico.svg\" alt=\"\" width=\"124\" height=\"124\"> <a href=\"tel:+4318909032\">+43 (0)1 890 90 32<\/a><\/p>\n<\/div><\/section><\/div>\n","protected":false},"excerpt":{"rendered":"","protected":false},"author":3,"featured_media":0,"parent":0,"menu_order":0,"comment_status":"closed","ping_status":"closed","template":"","meta":{"footnotes":""},"yoast_head":"<!-- This site is optimized with the Yoast SEO plugin v22.6 - https:\/\/yoast.com\/wordpress\/plugins\/seo\/ -->\n<title>Contacto - MetGIS<\/title>\n<meta name=\"description\" content=\"\u00a1Cont\u00e1ctate con nosotros!\" \/>\n<meta name=\"robots\" content=\"index, follow, max-snippet:-1, max-image-preview:large, max-video-preview:-1\" \/>\n<link rel=\"canonical\" href=\"https:\/\/metgis.com\/es\/contacto\/\" \/>\n<meta property=\"og:locale\" content=\"es_ES\" \/>\n<meta property=\"og:type\" content=\"article\" \/>\n<meta property=\"og:title\" content=\"Contacto - MetGIS\" \/>\n<meta property=\"og:description\" content=\"\u00a1Cont\u00e1ctate con nosotros!\" \/>\n<meta property=\"og:url\" content=\"https:\/\/metgis.com\/es\/contacto\/\" \/>\n<meta property=\"og:site_name\" content=\"MetGIS\" \/>\n<meta property=\"article:modified_time\" content=\"2025-05-07T11:30:13+00:00\" \/>\n<meta property=\"og:image\" content=\"https:\/\/metgis.com\/wp-content\/uploads\/2024\/03\/email-ico.svg\" \/>\n<meta name=\"twitter:card\" content=\"summary_large_image\" \/>\n<meta name=\"twitter:label1\" content=\"Est. reading time\" \/>\n\t<meta name=\"twitter:data1\" content=\"2 minutos\" \/>\n<script type=\"application\/ld+json\" class=\"yoast-schema-graph\">{\"@context\":\"https:\/\/schema.org\",\"@graph\":[{\"@type\":\"WebPage\",\"@id\":\"https:\/\/metgis.com\/es\/contacto\/\",\"url\":\"https:\/\/metgis.com\/es\/contacto\/\",\"name\":\"Contacto - MetGIS\",\"isPartOf\":{\"@id\":\"https:\/\/metgis.com\/es\/#website\"},\"primaryImageOfPage\":{\"@id\":\"https:\/\/metgis.com\/es\/contacto\/#primaryimage\"},\"image\":{\"@id\":\"https:\/\/metgis.com\/es\/contacto\/#primaryimage\"},\"thumbnailUrl\":\"https:\/\/metgis.com\/wp-content\/uploads\/2024\/03\/email-ico.svg\",\"datePublished\":\"2024-03-27T19:20:57+00:00\",\"dateModified\":\"2025-05-07T11:30:13+00:00\",\"description\":\"\u00a1Cont\u00e1ctate con nosotros!\",\"breadcrumb\":{\"@id\":\"https:\/\/metgis.com\/es\/contacto\/#breadcrumb\"},\"inLanguage\":\"es\",\"potentialAction\":[{\"@type\":\"ReadAction\",\"target\":[\"https:\/\/metgis.com\/es\/contacto\/\"]}]},{\"@type\":\"ImageObject\",\"inLanguage\":\"es\",\"@id\":\"https:\/\/metgis.com\/es\/contacto\/#primaryimage\",\"url\":\"https:\/\/metgis.com\/wp-content\/uploads\/2024\/03\/email-ico.svg\",\"contentUrl\":\"https:\/\/metgis.com\/wp-content\/uploads\/2024\/03\/email-ico.svg\"},{\"@type\":\"BreadcrumbList\",\"@id\":\"https:\/\/metgis.com\/es\/contacto\/#breadcrumb\",\"itemListElement\":[{\"@type\":\"ListItem\",\"position\":1,\"name\":\"Home\",\"item\":\"https:\/\/metgis.com\/es\/startseite\/\"},{\"@type\":\"ListItem\",\"position\":2,\"name\":\"Contacto\"}]},{\"@type\":\"WebSite\",\"@id\":\"https:\/\/metgis.com\/es\/#website\",\"url\":\"https:\/\/metgis.com\/es\/\",\"name\":\"MetGIS\",\"description\":\"\",\"publisher\":{\"@id\":\"https:\/\/metgis.com\/es\/#organization\"},\"potentialAction\":[{\"@type\":\"SearchAction\",\"target\":{\"@type\":\"EntryPoint\",\"urlTemplate\":\"https:\/\/metgis.com\/es\/?s={search_term_string}\"},\"query-input\":\"required name=search_term_string\"}],\"inLanguage\":\"es\"},{\"@type\":\"Organization\",\"@id\":\"https:\/\/metgis.com\/es\/#organization\",\"name\":\"MetGIS\",\"url\":\"https:\/\/metgis.com\/es\/\",\"logo\":{\"@type\":\"ImageObject\",\"inLanguage\":\"es\",\"@id\":\"https:\/\/metgis.com\/es\/#\/schema\/logo\/image\/\",\"url\":\"https:\/\/metgis.com\/wp-content\/uploads\/2024\/05\/metgis_logo_big_R.png\",\"contentUrl\":\"https:\/\/metgis.com\/wp-content\/uploads\/2024\/05\/metgis_logo_big_R.png\",\"width\":3508,\"height\":2480,\"caption\":\"MetGIS\"},\"image\":{\"@id\":\"https:\/\/metgis.com\/es\/#\/schema\/logo\/image\/\"}}]}<\/script>\n<!-- \/ Yoast SEO plugin. -->","yoast_head_json":{"title":"Contacto - MetGIS","description":"\u00a1Cont\u00e1ctate con nosotros!","robots":{"index":"index","follow":"follow","max-snippet":"max-snippet:-1","max-image-preview":"max-image-preview:large","max-video-preview":"max-video-preview:-1"},"canonical":"https:\/\/metgis.com\/es\/contacto\/","og_locale":"es_ES","og_type":"article","og_title":"Contacto - MetGIS","og_description":"\u00a1Cont\u00e1ctate con nosotros!","og_url":"https:\/\/metgis.com\/es\/contacto\/","og_site_name":"MetGIS","article_modified_time":"2025-05-07T11:30:13+00:00","og_image":[{"url":"https:\/\/metgis.com\/wp-content\/uploads\/2024\/03\/email-ico.svg"}],"twitter_card":"summary_large_image","twitter_misc":{"Est. reading time":"2 minutos"},"schema":{"@context":"https:\/\/schema.org","@graph":[{"@type":"WebPage","@id":"https:\/\/metgis.com\/es\/contacto\/","url":"https:\/\/metgis.com\/es\/contacto\/","name":"Contacto - MetGIS","isPartOf":{"@id":"https:\/\/metgis.com\/es\/#website"},"primaryImageOfPage":{"@id":"https:\/\/metgis.com\/es\/contacto\/#primaryimage"},"image":{"@id":"https:\/\/metgis.com\/es\/contacto\/#primaryimage"},"thumbnailUrl":"https:\/\/metgis.com\/wp-content\/uploads\/2024\/03\/email-ico.svg","datePublished":"2024-03-27T19:20:57+00:00","dateModified":"2025-05-07T11:30:13+00:00","description":"\u00a1Cont\u00e1ctate con nosotros!","breadcrumb":{"@id":"https:\/\/metgis.com\/es\/contacto\/#breadcrumb"},"inLanguage":"es","potentialAction":[{"@type":"ReadAction","target":["https:\/\/metgis.com\/es\/contacto\/"]}]},{"@type":"ImageObject","inLanguage":"es","@id":"https:\/\/metgis.com\/es\/contacto\/#primaryimage","url":"https:\/\/metgis.com\/wp-content\/uploads\/2024\/03\/email-ico.svg","contentUrl":"https:\/\/metgis.com\/wp-content\/uploads\/2024\/03\/email-ico.svg"},{"@type":"BreadcrumbList","@id":"https:\/\/metgis.com\/es\/contacto\/#breadcrumb","itemListElement":[{"@type":"ListItem","position":1,"name":"Home","item":"https:\/\/metgis.com\/es\/startseite\/"},{"@type":"ListItem","position":2,"name":"Contacto"}]},{"@type":"WebSite","@id":"https:\/\/metgis.com\/es\/#website","url":"https:\/\/metgis.com\/es\/","name":"MetGIS","description":"","publisher":{"@id":"https:\/\/metgis.com\/es\/#organization"},"potentialAction":[{"@type":"SearchAction","target":{"@type":"EntryPoint","urlTemplate":"https:\/\/metgis.com\/es\/?s={search_term_string}"},"query-input":"required name=search_term_string"}],"inLanguage":"es"},{"@type":"Organization","@id":"https:\/\/metgis.com\/es\/#organization","name":"MetGIS","url":"https:\/\/metgis.com\/es\/","logo":{"@type":"ImageObject","inLanguage":"es","@id":"https:\/\/metgis.com\/es\/#\/schema\/logo\/image\/","url":"https:\/\/metgis.com\/wp-content\/uploads\/2024\/05\/metgis_logo_big_R.png","contentUrl":"https:\/\/metgis.com\/wp-content\/uploads\/2024\/05\/metgis_logo_big_R.png","width":3508,"height":2480,"caption":"MetGIS"},"image":{"@id":"https:\/\/metgis.com\/es\/#\/schema\/logo\/image\/"}}]}},"_links":{"self":[{"href":"https:\/\/metgis.com\/es\/wp-json\/wp\/v2\/pages\/9833"}],"collection":[{"href":"https:\/\/metgis.com\/es\/wp-json\/wp\/v2\/pages"}],"about":[{"href":"https:\/\/metgis.com\/es\/wp-json\/wp\/v2\/types\/page"}],"author":[{"embeddable":true,"href":"https:\/\/metgis.com\/es\/wp-json\/wp\/v2\/users\/3"}],"replies":[{"embeddable":true,"href":"https:\/\/metgis.com\/es\/wp-json\/wp\/v2\/comments?post=9833"}],"version-history":[{"count":14,"href":"https:\/\/metgis.com\/es\/wp-json\/wp\/v2\/pages\/9833\/revisions"}],"predecessor-version":[{"id":12569,"href":"https:\/\/metgis.com\/es\/wp-json\/wp\/v2\/pages\/9833\/revisions\/12569"}],"wp:attachment":[{"href":"https:\/\/metgis.com\/es\/wp-json\/wp\/v2\/media?parent=9833"}],"curies":[{"name":"wp","href":"https:\/\/api.w.org\/{rel}","templated":true}]}}