{"id":9796,"date":"2024-04-02T16:16:10","date_gmt":"2024-04-02T14:16:10","guid":{"rendered":"https:\/\/website.metgis.com\/blog\/"},"modified":"2025-11-18T14:04:27","modified_gmt":"2025-11-18T13:04:27","slug":"blog","status":"publish","type":"page","link":"https:\/\/metgis.com\/es\/blog\/","title":{"rendered":"Blog"},"content":{"rendered":"\n<style type=\"text\/css\" data-created_by=\"avia_inline_auto\" id=\"style-css-av-lsyv3d5i-535a2e9bb85c83c5497bcfb7bd3dae1a\">\n.avia-section.av-lsyv3d5i-535a2e9bb85c83c5497bcfb7bd3dae1a .av-section-color-overlay{\nopacity:0.5;\nbackground-color:#164e7b;\n}\n<\/style>\n<div id='av_section_1'  class='avia-section av-lsyv3d5i-535a2e9bb85c83c5497bcfb7bd3dae1a main_color avia-section-default avia-no-border-styling  avia-builder-el-0  el_before_av_section  avia-builder-el-first  subpage-section avia-bg-style-scroll av-section-color-overlay-active av-minimum-height av-minimum-height-custom av-height-custom  container_wrap fullsize'   data-av_minimum_height_px='388'><div class=\"av-section-color-overlay-wrap\"><div class=\"av-section-color-overlay\"><\/div><div class='container av-section-cont-open' style='height:388px'><main  role=\"main\" itemprop=\"mainContentOfPage\"  class='template-page content  av-content-full alpha units'><div class='post-entry post-entry-type-page post-entry-9796'><div class='entry-content-wrapper clearfix'>\n<div  class='flex_column av-v0wr-cf442c1848686813548fea6953a97ff6 av_one_full  avia-builder-el-1  avia-builder-el-no-sibling  first flex_column_div  '     ><p>\n<style type=\"text\/css\" data-created_by=\"avia_inline_auto\" id=\"style-css-av-lsyvm1bc-153a15c4bf3a6677805e603fac4ba1f0\">\n#top .av-special-heading.av-lsyvm1bc-153a15c4bf3a6677805e603fac4ba1f0{\npadding-bottom:10px;\n}\nbody .av-special-heading.av-lsyvm1bc-153a15c4bf3a6677805e603fac4ba1f0 .av-special-heading-tag .heading-char{\nfont-size:25px;\n}\n.av-special-heading.av-lsyvm1bc-153a15c4bf3a6677805e603fac4ba1f0 .av-subheading{\nfont-size:15px;\n}\n<\/style>\n<div  class='av-special-heading av-lsyvm1bc-153a15c4bf3a6677805e603fac4ba1f0 av-special-heading-h1 blockquote modern-quote  avia-builder-el-2  el_before_av_textblock  avia-builder-el-first '><h1 class='av-special-heading-tag'  itemprop=\"headline\"  >\u00daltimas noticias<\/h1><div class=\"special-heading-border\"><div class=\"special-heading-inner-border\"><\/div><\/div><\/div><br \/>\n<section  class='av_textblock_section av-lsyvmgmv-5674506f9319b8fdd1403aa2cc2f00f4 '   itemscope=\"itemscope\" itemtype=\"https:\/\/schema.org\/CreativeWork\" ><div class='avia_textblock'  itemprop=\"text\" ><p>Actualizaciones del blog meteorol\u00f3gico de MetGIS &#8211; todos los nuevos eventos en torno a MetGIS<\/p>\n<\/div><\/section><\/p><\/div>\n\n<\/div><\/div><\/main><!-- close content main element --><\/div><\/div><\/div><div id='av_section_2'  class='avia-section av-3ujibb-273c8bac8d738290d0bf3628df012507 main_color avia-section-default avia-no-border-styling  avia-builder-el-4  el_after_av_section  el_before_av_section  avia-bg-style-scroll container_wrap fullsize'  ><div class='container av-section-cont-open' ><div class='template-page content  av-content-full alpha units'><div class='post-entry post-entry-type-page post-entry-9796'><div class='entry-content-wrapper clearfix'>\n<div  class='flex_column av-3po5tb-26a4e629dc86c82c4600a4c9e426ec62 av_one_full  avia-builder-el-5  avia-builder-el-no-sibling  first flex_column_div  '     ><section  class='av_textblock_section av-lte5jwsf-42369537ef49b735a2d5cfa51d78fff6 '   itemscope=\"itemscope\" itemtype=\"https:\/\/schema.org\/CreativeWork\" ><div class='avia_textblock'  itemprop=\"text\" ><p>\u00a1Bienvenido a la secci\u00f3n de noticias y blog de MetGIS!<br \/>\nAqu\u00ed te mantendremos al d\u00eda de todo lo que ocurre en el mundo de MetGIS.<br \/>\nTe informaremos sobre los \u00faltimos avances, <a href=\"https:\/\/de.wikipedia.org\/wiki\/Innovation\">innovaciones<\/a> y \u00e9xitos.<br \/>\nEn este blog recibir\u00e1s informaci\u00f3n sobre nuevos productos, mejoras y servicios.<\/p>\n<\/div><\/section><\/div>\n\n<\/div><\/div><\/div><!-- close content main div --><\/div><\/div><div id='av_section_3'  class='avia-section av-gta1j-146ad20595db717b942c093676d864b8 main_color avia-section-no-padding avia-no-border-styling  avia-builder-el-7  el_after_av_section  avia-builder-el-last  avia-bg-style-scroll container_wrap fullsize'  ><div class='container av-section-cont-open' ><div class='template-page content  av-content-full alpha units'><div class='post-entry post-entry-type-page post-entry-9796'><div class='entry-content-wrapper clearfix'>\n<div  class='flex_column av-93jl3-37f3b6d22fc4ffd0263f09e3f35d2569 av_one_full  avia-builder-el-8  avia-builder-el-no-sibling  first flex_column_div  '     ><\/div>\n\n","protected":false},"excerpt":{"rendered":"","protected":false},"author":3,"featured_media":0,"parent":0,"menu_order":0,"comment_status":"closed","ping_status":"closed","template":"","meta":{"footnotes":""},"yoast_head":"<!-- This site is optimized with the Yoast SEO plugin v22.6 - https:\/\/yoast.com\/wordpress\/plugins\/seo\/ -->\n<title>Actualizaciones del blog meteorol\u00f3gico de MetGIS<\/title>\n<meta name=\"description\" content=\"Lee las \u00faltimas actualizaciones del blog meteorol\u00f3gico de MetGIS y mantente informado sobre las \u00faltimas innovaciones, productos y desarrollos.\" \/>\n<meta name=\"robots\" content=\"index, follow, max-snippet:-1, max-image-preview:large, max-video-preview:-1\" \/>\n<link rel=\"canonical\" href=\"https:\/\/metgis.com\/es\/blog\/\" \/>\n<meta property=\"og:locale\" content=\"es_ES\" \/>\n<meta property=\"og:type\" content=\"article\" \/>\n<meta property=\"og:title\" content=\"Actualizaciones del blog meteorol\u00f3gico de MetGIS\" \/>\n<meta property=\"og:description\" content=\"Lee las \u00faltimas actualizaciones del blog meteorol\u00f3gico de MetGIS y mantente informado sobre las \u00faltimas innovaciones, productos y desarrollos.\" \/>\n<meta property=\"og:url\" content=\"https:\/\/metgis.com\/es\/blog\/\" \/>\n<meta property=\"og:site_name\" content=\"MetGIS\" \/>\n<meta property=\"article:modified_time\" content=\"2025-11-18T13:04:27+00:00\" \/>\n<meta name=\"twitter:card\" content=\"summary_large_image\" \/>\n<meta name=\"twitter:label1\" content=\"Est. reading time\" \/>\n\t<meta name=\"twitter:data1\" content=\"1 minuto\" \/>\n<script type=\"application\/ld+json\" class=\"yoast-schema-graph\">{\"@context\":\"https:\/\/schema.org\",\"@graph\":[{\"@type\":\"WebPage\",\"@id\":\"https:\/\/metgis.com\/es\/blog\/\",\"url\":\"https:\/\/metgis.com\/es\/blog\/\",\"name\":\"Actualizaciones del blog meteorol\u00f3gico de MetGIS\",\"isPartOf\":{\"@id\":\"https:\/\/metgis.com\/es\/#website\"},\"datePublished\":\"2024-04-02T14:16:10+00:00\",\"dateModified\":\"2025-11-18T13:04:27+00:00\",\"description\":\"Lee las \u00faltimas actualizaciones del blog meteorol\u00f3gico de MetGIS y mantente informado sobre las \u00faltimas innovaciones, productos y desarrollos.\",\"breadcrumb\":{\"@id\":\"https:\/\/metgis.com\/es\/blog\/#breadcrumb\"},\"inLanguage\":\"es\",\"potentialAction\":[{\"@type\":\"ReadAction\",\"target\":[\"https:\/\/metgis.com\/es\/blog\/\"]}]},{\"@type\":\"BreadcrumbList\",\"@id\":\"https:\/\/metgis.com\/es\/blog\/#breadcrumb\",\"itemListElement\":[{\"@type\":\"ListItem\",\"position\":1,\"name\":\"Home\",\"item\":\"https:\/\/metgis.com\/es\/startseite\/\"},{\"@type\":\"ListItem\",\"position\":2,\"name\":\"Blog\"}]},{\"@type\":\"WebSite\",\"@id\":\"https:\/\/metgis.com\/es\/#website\",\"url\":\"https:\/\/metgis.com\/es\/\",\"name\":\"MetGIS\",\"description\":\"\",\"publisher\":{\"@id\":\"https:\/\/metgis.com\/es\/#organization\"},\"potentialAction\":[{\"@type\":\"SearchAction\",\"target\":{\"@type\":\"EntryPoint\",\"urlTemplate\":\"https:\/\/metgis.com\/es\/?s={search_term_string}\"},\"query-input\":\"required name=search_term_string\"}],\"inLanguage\":\"es\"},{\"@type\":\"Organization\",\"@id\":\"https:\/\/metgis.com\/es\/#organization\",\"name\":\"MetGIS\",\"url\":\"https:\/\/metgis.com\/es\/\",\"logo\":{\"@type\":\"ImageObject\",\"inLanguage\":\"es\",\"@id\":\"https:\/\/metgis.com\/es\/#\/schema\/logo\/image\/\",\"url\":\"https:\/\/metgis.com\/wp-content\/uploads\/2024\/05\/metgis_logo_big_R.png\",\"contentUrl\":\"https:\/\/metgis.com\/wp-content\/uploads\/2024\/05\/metgis_logo_big_R.png\",\"width\":3508,\"height\":2480,\"caption\":\"MetGIS\"},\"image\":{\"@id\":\"https:\/\/metgis.com\/es\/#\/schema\/logo\/image\/\"}}]}<\/script>\n<!-- \/ Yoast SEO plugin. -->","yoast_head_json":{"title":"Actualizaciones del blog meteorol\u00f3gico de MetGIS","description":"Lee las \u00faltimas actualizaciones del blog meteorol\u00f3gico de MetGIS y mantente informado sobre las \u00faltimas innovaciones, productos y desarrollos.","robots":{"index":"index","follow":"follow","max-snippet":"max-snippet:-1","max-image-preview":"max-image-preview:large","max-video-preview":"max-video-preview:-1"},"canonical":"https:\/\/metgis.com\/es\/blog\/","og_locale":"es_ES","og_type":"article","og_title":"Actualizaciones del blog meteorol\u00f3gico de MetGIS","og_description":"Lee las \u00faltimas actualizaciones del blog meteorol\u00f3gico de MetGIS y mantente informado sobre las \u00faltimas innovaciones, productos y desarrollos.","og_url":"https:\/\/metgis.com\/es\/blog\/","og_site_name":"MetGIS","article_modified_time":"2025-11-18T13:04:27+00:00","twitter_card":"summary_large_image","twitter_misc":{"Est. reading time":"1 minuto"},"schema":{"@context":"https:\/\/schema.org","@graph":[{"@type":"WebPage","@id":"https:\/\/metgis.com\/es\/blog\/","url":"https:\/\/metgis.com\/es\/blog\/","name":"Actualizaciones del blog meteorol\u00f3gico de MetGIS","isPartOf":{"@id":"https:\/\/metgis.com\/es\/#website"},"datePublished":"2024-04-02T14:16:10+00:00","dateModified":"2025-11-18T13:04:27+00:00","description":"Lee las \u00faltimas actualizaciones del blog meteorol\u00f3gico de MetGIS y mantente informado sobre las \u00faltimas innovaciones, productos y desarrollos.","breadcrumb":{"@id":"https:\/\/metgis.com\/es\/blog\/#breadcrumb"},"inLanguage":"es","potentialAction":[{"@type":"ReadAction","target":["https:\/\/metgis.com\/es\/blog\/"]}]},{"@type":"BreadcrumbList","@id":"https:\/\/metgis.com\/es\/blog\/#breadcrumb","itemListElement":[{"@type":"ListItem","position":1,"name":"Home","item":"https:\/\/metgis.com\/es\/startseite\/"},{"@type":"ListItem","position":2,"name":"Blog"}]},{"@type":"WebSite","@id":"https:\/\/metgis.com\/es\/#website","url":"https:\/\/metgis.com\/es\/","name":"MetGIS","description":"","publisher":{"@id":"https:\/\/metgis.com\/es\/#organization"},"potentialAction":[{"@type":"SearchAction","target":{"@type":"EntryPoint","urlTemplate":"https:\/\/metgis.com\/es\/?s={search_term_string}"},"query-input":"required name=search_term_string"}],"inLanguage":"es"},{"@type":"Organization","@id":"https:\/\/metgis.com\/es\/#organization","name":"MetGIS","url":"https:\/\/metgis.com\/es\/","logo":{"@type":"ImageObject","inLanguage":"es","@id":"https:\/\/metgis.com\/es\/#\/schema\/logo\/image\/","url":"https:\/\/metgis.com\/wp-content\/uploads\/2024\/05\/metgis_logo_big_R.png","contentUrl":"https:\/\/metgis.com\/wp-content\/uploads\/2024\/05\/metgis_logo_big_R.png","width":3508,"height":2480,"caption":"MetGIS"},"image":{"@id":"https:\/\/metgis.com\/es\/#\/schema\/logo\/image\/"}}]}},"_links":{"self":[{"href":"https:\/\/metgis.com\/es\/wp-json\/wp\/v2\/pages\/9796"}],"collection":[{"href":"https:\/\/metgis.com\/es\/wp-json\/wp\/v2\/pages"}],"about":[{"href":"https:\/\/metgis.com\/es\/wp-json\/wp\/v2\/types\/page"}],"author":[{"embeddable":true,"href":"https:\/\/metgis.com\/es\/wp-json\/wp\/v2\/users\/3"}],"replies":[{"embeddable":true,"href":"https:\/\/metgis.com\/es\/wp-json\/wp\/v2\/comments?post=9796"}],"version-history":[{"count":10,"href":"https:\/\/metgis.com\/es\/wp-json\/wp\/v2\/pages\/9796\/revisions"}],"predecessor-version":[{"id":13248,"href":"https:\/\/metgis.com\/es\/wp-json\/wp\/v2\/pages\/9796\/revisions\/13248"}],"wp:attachment":[{"href":"https:\/\/metgis.com\/es\/wp-json\/wp\/v2\/media?parent=9796"}],"curies":[{"name":"wp","href":"https:\/\/api.w.org\/{rel}","templated":true}]}}