{"id":9632,"date":"2024-05-16T16:07:35","date_gmt":"2024-05-16T14:07:35","guid":{"rendered":"https:\/\/website.metgis.com\/nuestros-socios\/"},"modified":"2024-12-10T14:25:27","modified_gmt":"2024-12-10T13:25:27","slug":"nuestros-socios","status":"publish","type":"page","link":"https:\/\/metgis.com\/es\/nuestros-socios\/","title":{"rendered":"Nuestros socios"},"content":{"rendered":"\n<style type=\"text\/css\" data-created_by=\"avia_inline_auto\" id=\"style-css-av-lsyv3d5i-12c96f768802ba9f7744034cd98743fb\">\n.avia-section.av-lsyv3d5i-12c96f768802ba9f7744034cd98743fb{\nbackground-repeat:no-repeat;\nbackground-image:url(https:\/\/metgis.com\/wp-content\/uploads\/2024\/05\/uber-banner-science.jpg);\nbackground-position:50% 0%;\nbackground-attachment:scroll;\n}\n.avia-section.av-lsyv3d5i-12c96f768802ba9f7744034cd98743fb .av-section-color-overlay{\nopacity:0.2;\nbackground-color:#164e7b;\n}\n<\/style>\n<div id='av_section_1'  class='avia-section av-lsyv3d5i-12c96f768802ba9f7744034cd98743fb main_color avia-section-default avia-no-border-styling  avia-builder-el-0  el_before_av_section  avia-builder-el-first  subpage-section avia-full-stretch avia-bg-style-scroll av-section-color-overlay-active av-minimum-height av-minimum-height-custom av-height-custom  container_wrap fullsize'  data-section-bg-repeat='stretch' data-av_minimum_height_px='388'><div class=\"av-section-color-overlay-wrap\"><div class=\"av-section-color-overlay\"><\/div><div class='container av-section-cont-open' style='height:388px'><main  role=\"main\" itemprop=\"mainContentOfPage\"  class='template-page content  av-content-full alpha units'><div class='post-entry post-entry-type-page post-entry-9632'><div class='entry-content-wrapper clearfix'>\n<div  class='flex_column av-v0wr-cf442c1848686813548fea6953a97ff6 av_one_full  avia-builder-el-1  avia-builder-el-no-sibling  first flex_column_div  '     ><p>\n<style type=\"text\/css\" data-created_by=\"avia_inline_auto\" id=\"style-css-av-lsyvm1bc-720caee43bf3467874ec16221f2c7be8\">\n#top .av-special-heading.av-lsyvm1bc-720caee43bf3467874ec16221f2c7be8{\npadding-bottom:10px;\n}\nbody .av-special-heading.av-lsyvm1bc-720caee43bf3467874ec16221f2c7be8 .av-special-heading-tag .heading-char{\nfont-size:25px;\n}\n.av-special-heading.av-lsyvm1bc-720caee43bf3467874ec16221f2c7be8 .av-subheading{\nfont-size:15px;\n}\n<\/style>\n<div  class='av-special-heading av-lsyvm1bc-720caee43bf3467874ec16221f2c7be8 av-special-heading-h1 blockquote modern-quote  avia-builder-el-2  el_before_av_textblock  avia-builder-el-first '><h1 class='av-special-heading-tag'  itemprop=\"headline\"  >Socios de desarrollo<\/h1><div class=\"special-heading-border\"><div class=\"special-heading-inner-border\"><\/div><\/div><\/div><br \/>\n<section  class='av_textblock_section av-lsyvmgmv-5674506f9319b8fdd1403aa2cc2f00f4 '   itemscope=\"itemscope\" itemtype=\"https:\/\/schema.org\/CreativeWork\" ><div class='avia_textblock'  itemprop=\"text\" ><\/div><\/section><\/p><\/div><\/div><\/div><\/main><!-- close content main element --><\/div><\/div><\/div>\n<style type=\"text\/css\" data-created_by=\"avia_inline_auto\" id=\"style-css-av-avee9q-88e28e1fd8a6f7221c498153b15f5259\">\n.avia-section.av-avee9q-88e28e1fd8a6f7221c498153b15f5259{\nbackground-color:#f5f5f5;\nbackground-image:unset;\n}\n<\/style>\n<div id='av_section_2'  class='avia-section av-avee9q-88e28e1fd8a6f7221c498153b15f5259 main_color avia-section-large avia-no-border-styling  avia-builder-el-4  el_after_av_section  el_before_av_section  subpage-api api-section-shadow avia-bg-style-scroll container_wrap fullsize'  ><div class='container av-section-cont-open' ><div class='template-page content  av-content-full alpha units'><div class='post-entry post-entry-type-page post-entry-9632'><div class='entry-content-wrapper clearfix'>\n<div class='flex_column_table av-92isha-09a6575ec51c9a04821a019b8d1517bb sc-av_three_fifth av-equal-height-column-flextable'><div  class='flex_column av-92isha-09a6575ec51c9a04821a019b8d1517bb av_three_fifth  avia-builder-el-5  el_before_av_two_fifth  avia-builder-el-first  first flex_column_table_cell av-equal-height-column av-align-top  '     ><section  class='av_textblock_section av-lzcj1nm9-9afc77d2eac573d1f0f425b61caf2f5f '   itemscope=\"itemscope\" itemtype=\"https:\/\/schema.org\/CreativeWork\" ><div class='avia_textblock'  itemprop=\"text\" ><p><span style=\"font-weight: 400;\">La calidad excepcionalmente alta de los pron\u00f3sticos de MetGIS se basa en que tanto la tecnolog\u00eda de pron\u00f3stico como su presentaci\u00f3n gr\u00e1fica se desarrollaron en el marco de proyectos de investigaci\u00f3n de m\u00e1s de un a\u00f1o, interdisciplinares e internacionales, con la participaci\u00f3n simult\u00e1nea de usuarios pr\u00e1cticos, antes de que se fundara la empresa. <\/span><\/p>\n<p><span style=\"font-weight: 400;\">Pueden nombrarse los conocimientos especializados de institutos de investigaci\u00f3n, universidades y servicios meteorol\u00f3gicos de varios pa\u00edses (v\u00e9ase el mapa adjunto), que abarcan los \u00e1mbitos de la meteorolog\u00eda, los sistemas de informaci\u00f3n geogr\u00e1fica, el desarrollo de software y la investigaci\u00f3n sobre la nieve.<\/span><\/p>\n<\/div><\/section><\/div><div class='av-flex-placeholder'><\/div><div  class='flex_column av-7qg93i-a9200201d13102fe423e8f1a77791713 av_two_fifth  avia-builder-el-7  el_after_av_three_fifth  avia-builder-el-last  flex_column_table_cell av-equal-height-column av-align-top  '     ><style type=\"text\/css\" data-created_by=\"avia_inline_auto\" id=\"style-css-av-lzcjdyif-e493e00e45a1c45ffc314c8e9594b50c\">\n.avia-image-container.av-lzcjdyif-e493e00e45a1c45ffc314c8e9594b50c img.avia_image{\nbox-shadow:none;\n}\n.avia-image-container.av-lzcjdyif-e493e00e45a1c45ffc314c8e9594b50c .av-image-caption-overlay-center{\ncolor:#ffffff;\n}\n<\/style>\n<div  class='avia-image-container av-lzcjdyif-e493e00e45a1c45ffc314c8e9594b50c av-styling- avia-align-center  avia-builder-el-8  avia-builder-el-no-sibling  circles'   itemprop=\"image\" itemscope=\"itemscope\" itemtype=\"https:\/\/schema.org\/ImageObject\" ><div class=\"avia-image-container-inner\"><div class=\"avia-image-overlay-wrap\"><img decoding=\"async\" fetchpriority=\"high\" class='wp-image-9737 avia-img-lazy-loading-not-9737 avia_image ' src=\"https:\/\/metgis.com\/wp-content\/uploads\/2024\/05\/joan-gamell-ZS67i1HLllo-unsplash-1030x687.jpg\" alt='' title='joan-gamell-ZS67i1HLllo-unsplash'  height=\"687\" width=\"1030\"  itemprop=\"thumbnailUrl\" srcset=\"https:\/\/metgis.com\/wp-content\/uploads\/2024\/05\/joan-gamell-ZS67i1HLllo-unsplash-1030x687.jpg.webp 1030w, https:\/\/metgis.com\/wp-content\/uploads\/2024\/05\/joan-gamell-ZS67i1HLllo-unsplash-300x200.jpg.webp 300w, https:\/\/metgis.com\/wp-content\/uploads\/2024\/05\/joan-gamell-ZS67i1HLllo-unsplash-768x512.jpg.webp 768w, https:\/\/metgis.com\/wp-content\/uploads\/2024\/05\/joan-gamell-ZS67i1HLllo-unsplash-568x379.jpg.webp 568w, https:\/\/metgis.com\/wp-content\/uploads\/2024\/05\/joan-gamell-ZS67i1HLllo-unsplash-234x156.jpg 234w, https:\/\/metgis.com\/wp-content\/uploads\/2024\/05\/joan-gamell-ZS67i1HLllo-unsplash-442x295.jpg 442w, https:\/\/metgis.com\/wp-content\/uploads\/2024\/05\/joan-gamell-ZS67i1HLllo-unsplash.jpg 1920w, https:\/\/metgis.com\/wp-content\/uploads\/2024\/05\/joan-gamell-ZS67i1HLllo-unsplash-300x200@2x.jpg 600w, https:\/\/metgis.com\/wp-content\/uploads\/2024\/05\/joan-gamell-ZS67i1HLllo-unsplash-768x512@2x.jpg 1536w, https:\/\/metgis.com\/wp-content\/uploads\/2024\/05\/joan-gamell-ZS67i1HLllo-unsplash-568x379@2x.jpg 1136w, https:\/\/metgis.com\/wp-content\/uploads\/2024\/05\/joan-gamell-ZS67i1HLllo-unsplash-234x156@2x.jpg 468w, https:\/\/metgis.com\/wp-content\/uploads\/2024\/05\/joan-gamell-ZS67i1HLllo-unsplash-442x295@2x.jpg 884w\" sizes=\"(max-width: 1030px) 100vw, 1030px\" \/><\/div><\/div><\/div><\/div><\/div><!--close column table wrapper. Autoclose: 1 --><\/div><\/div><\/div><!-- close content main div --><\/div><\/div><div id='av_section_3'  class='avia-section av-6cfeum-e1989ee381881bf60ad7d5b491778865 main_color avia-section-large avia-no-border-styling  avia-builder-el-9  el_after_av_section  avia-builder-el-last  subpage-api avia-bg-style-scroll container_wrap fullsize'  ><div class='container av-section-cont-open' ><div class='template-page content  av-content-full alpha units'><div class='post-entry post-entry-type-page post-entry-9632'><div class='entry-content-wrapper clearfix'>\n<div class='flex_column_table av-4che3y-00b07231013453f1106c240ac6bfd929 sc-av_three_fifth av-equal-height-column-flextable'><div  class='flex_column av-4che3y-00b07231013453f1106c240ac6bfd929 av_three_fifth  avia-builder-el-10  el_before_av_two_fifth  avia-builder-el-first  first flex_column_table_cell av-equal-height-column av-align-top  '     ><style type=\"text\/css\" data-created_by=\"avia_inline_auto\" id=\"style-css-av-lzcj6tjf-c0bc8c8b38bf4cd724706bb37dd0cd1e\">\n.avia-image-container.av-lzcj6tjf-c0bc8c8b38bf4cd724706bb37dd0cd1e img.avia_image{\nbox-shadow:none;\n}\n.avia-image-container.av-lzcj6tjf-c0bc8c8b38bf4cd724706bb37dd0cd1e .av-image-caption-overlay-center{\ncolor:#ffffff;\n}\n<\/style>\n<div  class='avia-image-container av-lzcj6tjf-c0bc8c8b38bf4cd724706bb37dd0cd1e av-styling- av-img-linked avia-align-center  avia-builder-el-11  avia-builder-el-no-sibling  circles'   itemprop=\"image\" itemscope=\"itemscope\" itemtype=\"https:\/\/schema.org\/ImageObject\" ><div class=\"avia-image-container-inner\"><div class=\"avia-image-overlay-wrap\"><a href=\"caja de luz\" class='avia_image '  aria-label='MetGIS Development Partner'><img decoding=\"async\" fetchpriority=\"high\" class='wp-image-4844 avia-img-lazy-loading-not-4844 avia_image ' src=\"https:\/\/metgis.com\/wp-content\/uploads\/2024\/08\/MetGIS-Development-Partner-1030x504.webp\" alt='' title='MetGIS Development Partner'  height=\"504\" width=\"1030\"  itemprop=\"thumbnailUrl\" srcset=\"https:\/\/metgis.com\/wp-content\/uploads\/2024\/08\/MetGIS-Development-Partner-1030x504.webp 1030w, https:\/\/metgis.com\/wp-content\/uploads\/2024\/08\/MetGIS-Development-Partner-300x147.webp 300w, https:\/\/metgis.com\/wp-content\/uploads\/2024\/08\/MetGIS-Development-Partner-768x376.webp 768w, https:\/\/metgis.com\/wp-content\/uploads\/2024\/08\/MetGIS-Development-Partner-568x278.webp 568w, https:\/\/metgis.com\/wp-content\/uploads\/2024\/08\/MetGIS-Development-Partner-234x114.webp 234w, https:\/\/metgis.com\/wp-content\/uploads\/2024\/08\/MetGIS-Development-Partner-442x216.webp 442w, https:\/\/metgis.com\/wp-content\/uploads\/2024\/08\/MetGIS-Development-Partner.webp 1920w, https:\/\/metgis.com\/wp-content\/uploads\/2024\/08\/MetGIS-Development-Partner-300x147@2x.webp 600w, https:\/\/metgis.com\/wp-content\/uploads\/2024\/08\/MetGIS-Development-Partner-768x376@2x.webp 1536w, https:\/\/metgis.com\/wp-content\/uploads\/2024\/08\/MetGIS-Development-Partner-568x278@2x.webp 1136w, https:\/\/metgis.com\/wp-content\/uploads\/2024\/08\/MetGIS-Development-Partner-234x114@2x.webp 468w, https:\/\/metgis.com\/wp-content\/uploads\/2024\/08\/MetGIS-Development-Partner-442x216@2x.webp 884w\" sizes=\"(max-width: 1030px) 100vw, 1030px\" \/><\/a><\/div><\/div><\/div><\/div><div class='av-flex-placeholder'><\/div><div  class='flex_column av-367efy-18510cca17c1d8e3ea967d77c3bd0124 av_two_fifth  avia-builder-el-12  el_after_av_three_fifth  avia-builder-el-last  flex_column_table_cell av-equal-height-column av-align-top  '     ><section  class='av_textblock_section av-lzcj8fc3-25271c71b9368edf2c0c9c7405fa43c2 '   itemscope=\"itemscope\" itemtype=\"https:\/\/schema.org\/CreativeWork\" ><div class='avia_textblock'  itemprop=\"text\" ><p><span style=\"font-weight: 400;\">Muchas gracias a nuestros socios de desarrollo m\u00e1s importantes:<\/span><\/p>\n<ul>\n<li style=\"font-weight: 400;\" aria-level=\"1\"><span style=\"font-weight: 400;\">IMGW (Instituto de Meteorolog\u00eda y Geof\u00edsica de la Universidad de Viena), Viena, Austria<\/span><\/li>\n<li style=\"font-weight: 400;\" aria-level=\"1\"><span style=\"font-weight: 400;\">SLF (Instituto Federal Suizo para la Investigaci\u00f3n de la Nieve y las Avalanchas), Davos, Suiza<\/span><\/li>\n<li style=\"font-weight: 400;\" aria-level=\"1\"><span style=\"font-weight: 400;\">NIED\/NISIS (Instituto Nacional de Investigaci\u00f3n de Ciencias de la Tierra y Prevenci\u00f3n de Cat\u00e1strofes), Nagaoka, Jap\u00f3n.<\/span><\/li>\n<li style=\"font-weight: 400;\" aria-level=\"1\"><span style=\"font-weight: 400;\">SENAMHI (Servicio Nacional de Meteorolog\u00eda e Hidrolog\u00eda), Lima, Per\u00fa<\/span><\/li>\n<li style=\"font-weight: 400;\" aria-level=\"1\"><span style=\"font-weight: 400;\">IANIGLA (Instituto Argentino de Nivolog\u00eda y Glaciolog\u00eda), Mendoza, Argentina<\/span><\/li>\n<li style=\"font-weight: 400;\" aria-level=\"1\"><span style=\"font-weight: 400;\">DGF (Departamento de Geof\u00edsica, Universidad de Chile), Santiago de Chile, Chile<\/span><\/li>\n<\/ul>\n<\/div><\/section><\/div><\/div><!--close column table wrapper. Autoclose: 1 --><\/p>\n","protected":false},"excerpt":{"rendered":"","protected":false},"author":2,"featured_media":0,"parent":0,"menu_order":0,"comment_status":"closed","ping_status":"closed","template":"","meta":{"footnotes":""},"yoast_head":"<!-- This site is optimized with the Yoast SEO plugin v22.6 - https:\/\/yoast.com\/wordpress\/plugins\/seo\/ -->\n<title>Nuestros socios - MetGIS<\/title>\n<meta name=\"description\" content=\"Conoce a nuestros socios de desarrollo que ayudaron a sentar las bases de MetGIS.\" \/>\n<meta name=\"robots\" content=\"index, follow, max-snippet:-1, max-image-preview:large, max-video-preview:-1\" \/>\n<link rel=\"canonical\" href=\"https:\/\/metgis.com\/es\/nuestros-socios\/\" \/>\n<meta property=\"og:locale\" content=\"es_ES\" \/>\n<meta property=\"og:type\" content=\"article\" \/>\n<meta property=\"og:title\" content=\"Nuestros socios - MetGIS\" \/>\n<meta property=\"og:description\" content=\"Conoce a nuestros socios de desarrollo que ayudaron a sentar las bases de MetGIS.\" \/>\n<meta property=\"og:url\" content=\"https:\/\/metgis.com\/es\/nuestros-socios\/\" \/>\n<meta property=\"og:site_name\" content=\"MetGIS\" \/>\n<meta property=\"article:modified_time\" content=\"2024-12-10T13:25:27+00:00\" \/>\n<meta name=\"twitter:card\" content=\"summary_large_image\" \/>\n<meta name=\"twitter:label1\" content=\"Est. reading time\" \/>\n\t<meta name=\"twitter:data1\" content=\"2 minutos\" \/>\n<script type=\"application\/ld+json\" class=\"yoast-schema-graph\">{\"@context\":\"https:\/\/schema.org\",\"@graph\":[{\"@type\":\"WebPage\",\"@id\":\"https:\/\/metgis.com\/es\/nuestros-socios\/\",\"url\":\"https:\/\/metgis.com\/es\/nuestros-socios\/\",\"name\":\"Nuestros socios - MetGIS\",\"isPartOf\":{\"@id\":\"https:\/\/metgis.com\/es\/#website\"},\"datePublished\":\"2024-05-16T14:07:35+00:00\",\"dateModified\":\"2024-12-10T13:25:27+00:00\",\"description\":\"Conoce a nuestros socios de desarrollo que ayudaron a sentar las bases de MetGIS.\",\"breadcrumb\":{\"@id\":\"https:\/\/metgis.com\/es\/nuestros-socios\/#breadcrumb\"},\"inLanguage\":\"es\",\"potentialAction\":[{\"@type\":\"ReadAction\",\"target\":[\"https:\/\/metgis.com\/es\/nuestros-socios\/\"]}]},{\"@type\":\"BreadcrumbList\",\"@id\":\"https:\/\/metgis.com\/es\/nuestros-socios\/#breadcrumb\",\"itemListElement\":[{\"@type\":\"ListItem\",\"position\":1,\"name\":\"Home\",\"item\":\"https:\/\/metgis.com\/es\/startseite\/\"},{\"@type\":\"ListItem\",\"position\":2,\"name\":\"Nuestros socios\"}]},{\"@type\":\"WebSite\",\"@id\":\"https:\/\/metgis.com\/es\/#website\",\"url\":\"https:\/\/metgis.com\/es\/\",\"name\":\"MetGIS\",\"description\":\"\",\"publisher\":{\"@id\":\"https:\/\/metgis.com\/es\/#organization\"},\"potentialAction\":[{\"@type\":\"SearchAction\",\"target\":{\"@type\":\"EntryPoint\",\"urlTemplate\":\"https:\/\/metgis.com\/es\/?s={search_term_string}\"},\"query-input\":\"required name=search_term_string\"}],\"inLanguage\":\"es\"},{\"@type\":\"Organization\",\"@id\":\"https:\/\/metgis.com\/es\/#organization\",\"name\":\"MetGIS\",\"url\":\"https:\/\/metgis.com\/es\/\",\"logo\":{\"@type\":\"ImageObject\",\"inLanguage\":\"es\",\"@id\":\"https:\/\/metgis.com\/es\/#\/schema\/logo\/image\/\",\"url\":\"https:\/\/metgis.com\/wp-content\/uploads\/2024\/05\/metgis_logo_big_R.png\",\"contentUrl\":\"https:\/\/metgis.com\/wp-content\/uploads\/2024\/05\/metgis_logo_big_R.png\",\"width\":3508,\"height\":2480,\"caption\":\"MetGIS\"},\"image\":{\"@id\":\"https:\/\/metgis.com\/es\/#\/schema\/logo\/image\/\"}}]}<\/script>\n<!-- \/ Yoast SEO plugin. -->","yoast_head_json":{"title":"Nuestros socios - MetGIS","description":"Conoce a nuestros socios de desarrollo que ayudaron a sentar las bases de MetGIS.","robots":{"index":"index","follow":"follow","max-snippet":"max-snippet:-1","max-image-preview":"max-image-preview:large","max-video-preview":"max-video-preview:-1"},"canonical":"https:\/\/metgis.com\/es\/nuestros-socios\/","og_locale":"es_ES","og_type":"article","og_title":"Nuestros socios - MetGIS","og_description":"Conoce a nuestros socios de desarrollo que ayudaron a sentar las bases de MetGIS.","og_url":"https:\/\/metgis.com\/es\/nuestros-socios\/","og_site_name":"MetGIS","article_modified_time":"2024-12-10T13:25:27+00:00","twitter_card":"summary_large_image","twitter_misc":{"Est. reading time":"2 minutos"},"schema":{"@context":"https:\/\/schema.org","@graph":[{"@type":"WebPage","@id":"https:\/\/metgis.com\/es\/nuestros-socios\/","url":"https:\/\/metgis.com\/es\/nuestros-socios\/","name":"Nuestros socios - MetGIS","isPartOf":{"@id":"https:\/\/metgis.com\/es\/#website"},"datePublished":"2024-05-16T14:07:35+00:00","dateModified":"2024-12-10T13:25:27+00:00","description":"Conoce a nuestros socios de desarrollo que ayudaron a sentar las bases de MetGIS.","breadcrumb":{"@id":"https:\/\/metgis.com\/es\/nuestros-socios\/#breadcrumb"},"inLanguage":"es","potentialAction":[{"@type":"ReadAction","target":["https:\/\/metgis.com\/es\/nuestros-socios\/"]}]},{"@type":"BreadcrumbList","@id":"https:\/\/metgis.com\/es\/nuestros-socios\/#breadcrumb","itemListElement":[{"@type":"ListItem","position":1,"name":"Home","item":"https:\/\/metgis.com\/es\/startseite\/"},{"@type":"ListItem","position":2,"name":"Nuestros socios"}]},{"@type":"WebSite","@id":"https:\/\/metgis.com\/es\/#website","url":"https:\/\/metgis.com\/es\/","name":"MetGIS","description":"","publisher":{"@id":"https:\/\/metgis.com\/es\/#organization"},"potentialAction":[{"@type":"SearchAction","target":{"@type":"EntryPoint","urlTemplate":"https:\/\/metgis.com\/es\/?s={search_term_string}"},"query-input":"required name=search_term_string"}],"inLanguage":"es"},{"@type":"Organization","@id":"https:\/\/metgis.com\/es\/#organization","name":"MetGIS","url":"https:\/\/metgis.com\/es\/","logo":{"@type":"ImageObject","inLanguage":"es","@id":"https:\/\/metgis.com\/es\/#\/schema\/logo\/image\/","url":"https:\/\/metgis.com\/wp-content\/uploads\/2024\/05\/metgis_logo_big_R.png","contentUrl":"https:\/\/metgis.com\/wp-content\/uploads\/2024\/05\/metgis_logo_big_R.png","width":3508,"height":2480,"caption":"MetGIS"},"image":{"@id":"https:\/\/metgis.com\/es\/#\/schema\/logo\/image\/"}}]}},"_links":{"self":[{"href":"https:\/\/metgis.com\/es\/wp-json\/wp\/v2\/pages\/9632"}],"collection":[{"href":"https:\/\/metgis.com\/es\/wp-json\/wp\/v2\/pages"}],"about":[{"href":"https:\/\/metgis.com\/es\/wp-json\/wp\/v2\/types\/page"}],"author":[{"embeddable":true,"href":"https:\/\/metgis.com\/es\/wp-json\/wp\/v2\/users\/2"}],"replies":[{"embeddable":true,"href":"https:\/\/metgis.com\/es\/wp-json\/wp\/v2\/comments?post=9632"}],"version-history":[{"count":11,"href":"https:\/\/metgis.com\/es\/wp-json\/wp\/v2\/pages\/9632\/revisions"}],"predecessor-version":[{"id":10169,"href":"https:\/\/metgis.com\/es\/wp-json\/wp\/v2\/pages\/9632\/revisions\/10169"}],"wp:attachment":[{"href":"https:\/\/metgis.com\/es\/wp-json\/wp\/v2\/media?parent=9632"}],"curies":[{"name":"wp","href":"https:\/\/api.w.org\/{rel}","templated":true}]}}