{"id":8639,"date":"2024-09-14T10:40:23","date_gmt":"2024-09-14T08:40:23","guid":{"rendered":"https:\/\/website.metgis.com\/?page_id=8639"},"modified":"2024-12-14T16:30:43","modified_gmt":"2024-12-14T15:30:43","slug":"nutzungsbedingungen","status":"publish","type":"page","link":"https:\/\/metgis.com\/de\/nutzungsbedingungen\/","title":{"rendered":"Nutzungsbedingungen"},"content":{"rendered":"\n<style type=\"text\/css\" data-created_by=\"avia_inline_auto\" id=\"style-css-av-lsyv3d5i-a14a364ffad7fd5599aacc6cd20c4133\">\n.avia-section.av-lsyv3d5i-a14a364ffad7fd5599aacc6cd20c4133{\nbackground-repeat:no-repeat;\nbackground-image:url(https:\/\/metgis.com\/wp-content\/uploads\/2024\/08\/inaki-del-olmo-NIJuEQw0RKg-unsplash.jpg);\nbackground-position:50% 0%;\nbackground-attachment:scroll;\n}\n<\/style>\n<div id='av_section_1'  class='avia-section av-lsyv3d5i-a14a364ffad7fd5599aacc6cd20c4133 main_color avia-section-default avia-no-border-styling  avia-builder-el-0  el_before_av_section  avia-builder-el-first  subpage-section avia-full-stretch avia-bg-style-scroll av-minimum-height av-minimum-height-custom av-height-custom  container_wrap fullsize'  data-section-bg-repeat='stretch' data-av_minimum_height_px='388'><div class='container av-section-cont-open' style='height:388px'><main  role=\"main\" itemprop=\"mainContentOfPage\"  class='template-page content  av-content-full alpha units'><div class='post-entry post-entry-type-page post-entry-8639'><div class='entry-content-wrapper clearfix'>\n<div  class='flex_column av-v0wr-cf442c1848686813548fea6953a97ff6 av_one_full  avia-builder-el-1  avia-builder-el-no-sibling  first flex_column_div  '     ><p>\n<style type=\"text\/css\" data-created_by=\"avia_inline_auto\" id=\"style-css-av-lsyvm1bc-b62d8fd93e725dad32e80afcf2c41550\">\n#top .av-special-heading.av-lsyvm1bc-b62d8fd93e725dad32e80afcf2c41550{\npadding-bottom:10px;\n}\nbody .av-special-heading.av-lsyvm1bc-b62d8fd93e725dad32e80afcf2c41550 .av-special-heading-tag .heading-char{\nfont-size:25px;\n}\n.av-special-heading.av-lsyvm1bc-b62d8fd93e725dad32e80afcf2c41550 .av-subheading{\nfont-size:15px;\n}\n<\/style>\n<div  class='av-special-heading av-lsyvm1bc-b62d8fd93e725dad32e80afcf2c41550 av-special-heading-h1 blockquote modern-quote  avia-builder-el-2  el_before_av_textblock  avia-builder-el-first '><h1 class='av-special-heading-tag'  itemprop=\"headline\"  >NUTZUNGSBEDINGUNGEN<\/h1><div class=\"special-heading-border\"><div class=\"special-heading-inner-border\"><\/div><\/div><\/div><br \/>\n<section  class='av_textblock_section av-lsyvmgmv-5674506f9319b8fdd1403aa2cc2f00f4 '   itemscope=\"itemscope\" itemtype=\"https:\/\/schema.org\/CreativeWork\" ><div class='avia_textblock'  itemprop=\"text\" ><p>Nutzungsbedingungen\u00a0MetGIS GmbH<\/p>\n<\/div><\/section><\/p><\/div>\n\n<\/div><\/div><\/main><!-- close content main element --><\/div><\/div><div id='av_section_2'  class='avia-section av-3ujibb-273c8bac8d738290d0bf3628df012507 main_color avia-section-default avia-no-border-styling  avia-builder-el-4  el_after_av_section  avia-builder-el-last  avia-bg-style-scroll container_wrap fullsize'  ><div class='container av-section-cont-open' ><div class='template-page content  av-content-full alpha units'><div class='post-entry post-entry-type-page post-entry-8639'><div class='entry-content-wrapper clearfix'>\n<div  class='flex_column av-3po5tb-26a4e629dc86c82c4600a4c9e426ec62 av_one_full  avia-builder-el-5  avia-builder-el-no-sibling  first flex_column_div  '     ><section  class='av_textblock_section av-lte5jwsf-42369537ef49b735a2d5cfa51d78fff6 '   itemscope=\"itemscope\" itemtype=\"https:\/\/schema.org\/CreativeWork\" ><div class='avia_textblock'  itemprop=\"text\" ><h2><span class=\"TextRun MacChromeBold SCXW88414713 BCX0\" lang=\"DE-AT\" xml:lang=\"DE-AT\" data-contrast=\"auto\"><span class=\"NormalTextRun SCXW88414713 BCX0\">Nutzungsbedingungen<\/span><\/span><span class=\"EOP SCXW88414713 BCX0\" data-ccp-props=\"{\">\u00a0<\/span><\/h2>\n<p>Letzte Aktualisierung: 01.09.2024<\/p>\n<p><span data-contrast=\"auto\">MetGIS GmbH, FN 395047b, Handelsgericht Wien (nachfolgend auch \u201e<\/span><b><span data-contrast=\"auto\">MetGIS<\/span><\/b><span data-contrast=\"auto\">\u201c) freut sich, dass Sie (in der Folge auch \u201e<\/span><b><span data-contrast=\"auto\">Nutzer<\/span><\/b><span data-contrast=\"auto\">\u201c) ihre Produkte und Dienstleistungen (in der Folge auch \u201e<\/span><b><span data-contrast=\"auto\">Wetterprodukte<\/span><\/b><span data-contrast=\"auto\">\u201c) oder ihre Webseite und damit in Zusammenhang stehende Seiten und Unterseiten nutzen.\u00a0<\/span><span data-ccp-props=\"{\">\u00a0<\/span><\/p>\n<p><span data-contrast=\"auto\">MetGIS stellt Ihnen einige Wetterprodukte kostenlos unter nachfolgenden Bedingungen zur Verf\u00fcgung:<\/span><span data-ccp-props=\"{\">\u00a0<\/span><\/p>\n<p><span data-contrast=\"auto\">1. MetGIS haftet weder f\u00fcr Sch\u00e4den, welche durch die Webseite noch durch Wetterprodukte von MetGIS verursacht wurden, es sei denn, dass diese vors\u00e4tzlich oder durch grobe Fahrl\u00e4ssigkeit herbeigef\u00fchrt wurden. Dies gilt f\u00fcr materielle als auch immaterielle Sch\u00e4den und insbesondere auch f\u00fcr etwaigen Datenverlust.<\/span><span data-ccp-props=\"{\">\u00a0<\/span><\/p>\n<p><span data-contrast=\"auto\">2. MetGIS \u00fcbernimmt keinerlei Haftung f\u00fcr die von ihr im Rahmen ihrer Services kostenlos zur Verf\u00fcgung gestellten Inhalte und Daten.<\/span><span data-ccp-props=\"{\">\u00a0<\/span><\/p>\n<p><span data-contrast=\"auto\">3. MetGIS haftet auch nicht und leistet keinerlei Gew\u00e4hr f\u00fcr etwaige M\u00e4ngel, welche die kostenlosen Wetterprodukte und Webseiteninhalte aufweisen<\/span><span data-ccp-props=\"{\">\u00a0<\/span><\/p>\n<p><span data-contrast=\"auto\">4. MetGIS r\u00e4umt dem Nutzer durch die \u00f6ffentliche Zur-Verf\u00fcgungstellung ihrer Wetterprodukte und der Webseiteninhalte ein diesbez\u00fcgliches, jederzeit widerrufliches Nutzungsrecht ein. S\u00e4mtliche sonstigen Nutzungsrechte, in welcher Form auch immer, verbleiben jedoch bei MetGIS. Das oben angef\u00fchrte beschr\u00e4nkte Nutzungsrecht erfasst lediglich die Nutzung der Services zum jeweils bestimmten Zweck. Die Vervielf\u00e4ltigung, die Weitergabe an Dritte und \u00c4hnliches, in welcher Form auch immer, ist nicht gestattet. Unter Vervielf\u00e4ltigung fallen beispielsweise Framing und Caching von Wetterdaten.<\/span><span data-ccp-props=\"{\">\u00a0<\/span><\/p>\n<p><span data-contrast=\"auto\">5. Der Nutzer ist nicht berechtigt, die Wetterprodukte oder Webseiteninhalte wie folgt zu nutzen: <\/span><span data-ccp-props=\"{\">\u00a0<\/span><\/p>\n<ul>\n<li data-leveltext=\"o\" data-font=\"Courier New\" data-listid=\"1\" data-list-defn-props=\"{\" aria-setsize=\"-1\" data-aria-posinset=\"1\" data-aria-level=\"2\"><span data-contrast=\"auto\">Eine Nutzung, die durch Gesetze, Vorschriften oder beh\u00f6rdliche Anordnungen oder Verordnung in einer relevanten Rechtsordnung verboten ist.<\/span><span data-ccp-props=\"{\">\u00a0<\/span><\/li>\n<\/ul>\n<ul>\n<li data-leveltext=\"o\" data-font=\"Courier New\" data-listid=\"1\" data-list-defn-props=\"{\" aria-setsize=\"-1\" data-aria-posinset=\"2\" data-aria-level=\"2\"><span data-contrast=\"auto\">Zur Verletzung der Rechte anderer.<\/span><span data-ccp-props=\"{\">\u00a0<\/span><\/li>\n<\/ul>\n<ul>\n<li data-leveltext=\"o\" data-font=\"Courier New\" data-listid=\"1\" data-list-defn-props=\"{\" aria-setsize=\"-1\" data-aria-posinset=\"3\" data-aria-level=\"2\"><span data-contrast=\"auto\">Zum unbefugten Zugriff auf oder zur unbefugten St\u00f6rung von Diensten, Ger\u00e4ten, Daten, Accounts oder Netzwerken.<\/span><span data-ccp-props=\"{\">\u00a0<\/span><\/li>\n<\/ul>\n<ul>\n<li data-leveltext=\"o\" data-font=\"Courier New\" data-listid=\"1\" data-list-defn-props=\"{\" aria-setsize=\"-1\" data-aria-posinset=\"4\" data-aria-level=\"2\"><span data-contrast=\"auto\">Zur Verbreitung von Spam oder Malware.<\/span><span data-ccp-props=\"{\">\u00a0<\/span><\/li>\n<\/ul>\n<ul>\n<li data-leveltext=\"o\" data-font=\"Courier New\" data-listid=\"1\" data-list-defn-props=\"{\" aria-setsize=\"-1\" data-aria-posinset=\"5\" data-aria-level=\"2\"><span data-contrast=\"auto\">Auf eine Weise, die die Services besch\u00e4digen oder deren Verwendung durch andere beeintr\u00e4chtigen k\u00f6nnte.<\/span><span data-ccp-props=\"{\">\u00a0<\/span><\/li>\n<\/ul>\n<ul>\n<li data-leveltext=\"o\" data-font=\"Courier New\" data-listid=\"1\" data-list-defn-props=\"{\" aria-setsize=\"-1\" data-aria-posinset=\"6\" data-aria-level=\"2\"><span data-contrast=\"auto\">In einer Anwendung oder Situation, in der ein Fehler des Vertragsgegenstands zum Tod oder zu schweren Verletzungen des K\u00f6rpers oder der Gesundheit oder zu schwerwiegenden Sach- oder Umweltsch\u00e4den f\u00fchren kann.<\/span><span data-ccp-props=\"{\">\u00a0<\/span><\/li>\n<\/ul>\n<ul>\n<li data-leveltext=\"o\" data-font=\"Courier New\" data-listid=\"1\" data-list-defn-props=\"{\" aria-setsize=\"-1\" data-aria-posinset=\"7\" data-aria-level=\"2\"><span data-contrast=\"auto\">In jedweder anderen zweckfremden Art und Weise.<\/span><span data-ccp-props=\"{\">\u00a0<\/span><\/li>\n<\/ul>\n<p><span data-contrast=\"auto\">6. Etwaige Streitigkeiten, welche sich auf Grundlage dieser Nutzungsbedingungen oder aus der Verwendung der Wetterprodukte oder Webseite ergeben, sind vor den sachlich zust\u00e4ndigen Gerichten in Wien auszutragen.<\/span><span data-ccp-props=\"{\">\u00a0<\/span><\/p>\n<p><span data-contrast=\"auto\">7. Die Nutzung der Wetterprodukte und Webeseiteninhalte sowie diese Nutzungsbedingungen unterliegen \u00f6sterreichischem Recht unter Ausschluss des UN-Kaufrechts und der Verweisungsnormen.<\/span><span data-ccp-props=\"{\">\u00a0<\/span><\/p>\n<p><span data-contrast=\"auto\">8. Ist eine der obigen Bestimmungen ung\u00fcltig oder wird sie ung\u00fcltig, dann wird dadurch die G\u00fcltigkeit und Wirksamkeit der \u00fcbrigen Bestimmungen nicht ber\u00fchrt. Im Falle der Unwirksamkeit, Ung\u00fcltigkeit oder Undurchsetzbarkeit gilt zwischen MetGIS und dem Nutzer eine dieser Bestimmung im wirtschaftlichen Ergebnis m\u00f6glichst nahe kommende und nicht unwirksame, ung\u00fcltige oder undurchsetzbare Bestimmung als vereinbart.<\/span><span data-ccp-props=\"{\">\u00a0<\/span><\/p>\n<p><span data-ccp-props=\"{\">\u00a0<\/span><\/p>\n<\/div><\/section><\/div>\n","protected":false},"excerpt":{"rendered":"","protected":false},"author":2,"featured_media":0,"parent":0,"menu_order":0,"comment_status":"closed","ping_status":"closed","template":"","meta":{"footnotes":""},"yoast_head":"<!-- This site is optimized with the Yoast SEO plugin v22.6 - https:\/\/yoast.com\/wordpress\/plugins\/seo\/ -->\n<title>Nutzungsbedingungen - MetGIS<\/title>\n<meta name=\"robots\" content=\"index, follow, max-snippet:-1, max-image-preview:large, max-video-preview:-1\" \/>\n<link rel=\"canonical\" href=\"https:\/\/metgis.com\/de\/nutzungsbedingungen\/\" \/>\n<meta property=\"og:locale\" content=\"de_DE\" \/>\n<meta property=\"og:type\" content=\"article\" \/>\n<meta property=\"og:title\" content=\"Nutzungsbedingungen - MetGIS\" \/>\n<meta property=\"og:url\" content=\"https:\/\/metgis.com\/de\/nutzungsbedingungen\/\" \/>\n<meta property=\"og:site_name\" content=\"MetGIS\" \/>\n<meta property=\"article:modified_time\" content=\"2024-12-14T15:30:43+00:00\" \/>\n<meta name=\"twitter:card\" content=\"summary_large_image\" \/>\n<meta name=\"twitter:label1\" content=\"Est. reading time\" \/>\n\t<meta name=\"twitter:data1\" content=\"3 Minuten\" \/>\n<script type=\"application\/ld+json\" class=\"yoast-schema-graph\">{\"@context\":\"https:\/\/schema.org\",\"@graph\":[{\"@type\":\"WebPage\",\"@id\":\"https:\/\/metgis.com\/de\/nutzungsbedingungen\/\",\"url\":\"https:\/\/metgis.com\/de\/nutzungsbedingungen\/\",\"name\":\"Nutzungsbedingungen - MetGIS\",\"isPartOf\":{\"@id\":\"https:\/\/metgis.com\/de\/#website\"},\"datePublished\":\"2024-09-14T08:40:23+00:00\",\"dateModified\":\"2024-12-14T15:30:43+00:00\",\"breadcrumb\":{\"@id\":\"https:\/\/metgis.com\/de\/nutzungsbedingungen\/#breadcrumb\"},\"inLanguage\":\"de-DE\",\"potentialAction\":[{\"@type\":\"ReadAction\",\"target\":[\"https:\/\/metgis.com\/de\/nutzungsbedingungen\/\"]}]},{\"@type\":\"BreadcrumbList\",\"@id\":\"https:\/\/metgis.com\/de\/nutzungsbedingungen\/#breadcrumb\",\"itemListElement\":[{\"@type\":\"ListItem\",\"position\":1,\"name\":\"Home\",\"item\":\"https:\/\/metgis.com\/de\/startseite\/\"},{\"@type\":\"ListItem\",\"position\":2,\"name\":\"Nutzungsbedingungen\"}]},{\"@type\":\"WebSite\",\"@id\":\"https:\/\/metgis.com\/de\/#website\",\"url\":\"https:\/\/metgis.com\/de\/\",\"name\":\"MetGIS\",\"description\":\"\",\"publisher\":{\"@id\":\"https:\/\/metgis.com\/de\/#organization\"},\"potentialAction\":[{\"@type\":\"SearchAction\",\"target\":{\"@type\":\"EntryPoint\",\"urlTemplate\":\"https:\/\/metgis.com\/de\/?s={search_term_string}\"},\"query-input\":\"required name=search_term_string\"}],\"inLanguage\":\"de-DE\"},{\"@type\":\"Organization\",\"@id\":\"https:\/\/metgis.com\/de\/#organization\",\"name\":\"MetGIS\",\"url\":\"https:\/\/metgis.com\/de\/\",\"logo\":{\"@type\":\"ImageObject\",\"inLanguage\":\"de-DE\",\"@id\":\"https:\/\/metgis.com\/de\/#\/schema\/logo\/image\/\",\"url\":\"https:\/\/metgis.com\/wp-content\/uploads\/2024\/05\/metgis_logo_big_R.png\",\"contentUrl\":\"https:\/\/metgis.com\/wp-content\/uploads\/2024\/05\/metgis_logo_big_R.png\",\"width\":3508,\"height\":2480,\"caption\":\"MetGIS\"},\"image\":{\"@id\":\"https:\/\/metgis.com\/de\/#\/schema\/logo\/image\/\"}}]}<\/script>\n<!-- \/ Yoast SEO plugin. -->","yoast_head_json":{"title":"Nutzungsbedingungen - MetGIS","robots":{"index":"index","follow":"follow","max-snippet":"max-snippet:-1","max-image-preview":"max-image-preview:large","max-video-preview":"max-video-preview:-1"},"canonical":"https:\/\/metgis.com\/de\/nutzungsbedingungen\/","og_locale":"de_DE","og_type":"article","og_title":"Nutzungsbedingungen - MetGIS","og_url":"https:\/\/metgis.com\/de\/nutzungsbedingungen\/","og_site_name":"MetGIS","article_modified_time":"2024-12-14T15:30:43+00:00","twitter_card":"summary_large_image","twitter_misc":{"Est. reading time":"3 Minuten"},"schema":{"@context":"https:\/\/schema.org","@graph":[{"@type":"WebPage","@id":"https:\/\/metgis.com\/de\/nutzungsbedingungen\/","url":"https:\/\/metgis.com\/de\/nutzungsbedingungen\/","name":"Nutzungsbedingungen - MetGIS","isPartOf":{"@id":"https:\/\/metgis.com\/de\/#website"},"datePublished":"2024-09-14T08:40:23+00:00","dateModified":"2024-12-14T15:30:43+00:00","breadcrumb":{"@id":"https:\/\/metgis.com\/de\/nutzungsbedingungen\/#breadcrumb"},"inLanguage":"de-DE","potentialAction":[{"@type":"ReadAction","target":["https:\/\/metgis.com\/de\/nutzungsbedingungen\/"]}]},{"@type":"BreadcrumbList","@id":"https:\/\/metgis.com\/de\/nutzungsbedingungen\/#breadcrumb","itemListElement":[{"@type":"ListItem","position":1,"name":"Home","item":"https:\/\/metgis.com\/de\/startseite\/"},{"@type":"ListItem","position":2,"name":"Nutzungsbedingungen"}]},{"@type":"WebSite","@id":"https:\/\/metgis.com\/de\/#website","url":"https:\/\/metgis.com\/de\/","name":"MetGIS","description":"","publisher":{"@id":"https:\/\/metgis.com\/de\/#organization"},"potentialAction":[{"@type":"SearchAction","target":{"@type":"EntryPoint","urlTemplate":"https:\/\/metgis.com\/de\/?s={search_term_string}"},"query-input":"required name=search_term_string"}],"inLanguage":"de-DE"},{"@type":"Organization","@id":"https:\/\/metgis.com\/de\/#organization","name":"MetGIS","url":"https:\/\/metgis.com\/de\/","logo":{"@type":"ImageObject","inLanguage":"de-DE","@id":"https:\/\/metgis.com\/de\/#\/schema\/logo\/image\/","url":"https:\/\/metgis.com\/wp-content\/uploads\/2024\/05\/metgis_logo_big_R.png","contentUrl":"https:\/\/metgis.com\/wp-content\/uploads\/2024\/05\/metgis_logo_big_R.png","width":3508,"height":2480,"caption":"MetGIS"},"image":{"@id":"https:\/\/metgis.com\/de\/#\/schema\/logo\/image\/"}}]}},"_links":{"self":[{"href":"https:\/\/metgis.com\/de\/wp-json\/wp\/v2\/pages\/8639"}],"collection":[{"href":"https:\/\/metgis.com\/de\/wp-json\/wp\/v2\/pages"}],"about":[{"href":"https:\/\/metgis.com\/de\/wp-json\/wp\/v2\/types\/page"}],"author":[{"embeddable":true,"href":"https:\/\/metgis.com\/de\/wp-json\/wp\/v2\/users\/2"}],"replies":[{"embeddable":true,"href":"https:\/\/metgis.com\/de\/wp-json\/wp\/v2\/comments?post=8639"}],"version-history":[{"count":6,"href":"https:\/\/metgis.com\/de\/wp-json\/wp\/v2\/pages\/8639\/revisions"}],"predecessor-version":[{"id":10676,"href":"https:\/\/metgis.com\/de\/wp-json\/wp\/v2\/pages\/8639\/revisions\/10676"}],"wp:attachment":[{"href":"https:\/\/metgis.com\/de\/wp-json\/wp\/v2\/media?parent=8639"}],"curies":[{"name":"wp","href":"https:\/\/api.w.org\/{rel}","templated":true}]}}