{"id":1539,"date":"2024-05-16T16:14:25","date_gmt":"2024-05-16T14:14:25","guid":{"rendered":"https:\/\/website.metgis.com\/?page_id=1539"},"modified":"2024-09-25T12:17:15","modified_gmt":"2024-09-25T10:17:15","slug":"wissenschaftlicher-hintergrund","status":"publish","type":"page","link":"https:\/\/metgis.com\/de\/wissenschaftlicher-hintergrund\/","title":{"rendered":"Wissenschaftlicher Hintergrund"},"content":{"rendered":"\n<style type=\"text\/css\" data-created_by=\"avia_inline_auto\" id=\"style-css-av-lsyv3d5i-3d9065b562d9fa4ce4294f5ee25430da\">\n.avia-section.av-lsyv3d5i-3d9065b562d9fa4ce4294f5ee25430da{\nbackground-repeat:no-repeat;\nbackground-image:url(https:\/\/metgis.com\/wp-content\/uploads\/2024\/08\/good-free-photos-YZsvNs2GCPU-unsplash.jpg);\nbackground-position:50% 0%;\nbackground-attachment:scroll;\n}\n.avia-section.av-lsyv3d5i-3d9065b562d9fa4ce4294f5ee25430da .av-section-color-overlay{\nopacity:0.2;\nbackground-color:#164e7b;\n}\n<\/style>\n<div id='av_section_1'  class='avia-section av-lsyv3d5i-3d9065b562d9fa4ce4294f5ee25430da main_color avia-section-default avia-no-border-styling  avia-builder-el-0  el_before_av_section  avia-builder-el-first  subpage-section avia-full-stretch avia-bg-style-scroll av-section-color-overlay-active av-minimum-height av-minimum-height-custom av-height-custom  container_wrap fullsize'  data-section-bg-repeat='stretch' data-av_minimum_height_px='388'><div class=\"av-section-color-overlay-wrap\"><div class=\"av-section-color-overlay\"><\/div><div class='container av-section-cont-open' style='height:388px'><main  role=\"main\" itemprop=\"mainContentOfPage\"  class='template-page content  av-content-full alpha units'><div class='post-entry post-entry-type-page post-entry-1539'><div class='entry-content-wrapper clearfix'>\n<div  class='flex_column av-v0wr-cf442c1848686813548fea6953a97ff6 av_one_full  avia-builder-el-1  avia-builder-el-no-sibling  first flex_column_div  '     ><p>\n<style type=\"text\/css\" data-created_by=\"avia_inline_auto\" id=\"style-css-av-lsyvm1bc-aa701e8a1ffd0466a22351c93c6549d5\">\n#top .av-special-heading.av-lsyvm1bc-aa701e8a1ffd0466a22351c93c6549d5{\npadding-bottom:10px;\n}\nbody .av-special-heading.av-lsyvm1bc-aa701e8a1ffd0466a22351c93c6549d5 .av-special-heading-tag .heading-char{\nfont-size:25px;\n}\n.av-special-heading.av-lsyvm1bc-aa701e8a1ffd0466a22351c93c6549d5 .av-subheading{\nfont-size:15px;\n}\n<\/style>\n<div  class='av-special-heading av-lsyvm1bc-aa701e8a1ffd0466a22351c93c6549d5 av-special-heading-h1 blockquote modern-quote  avia-builder-el-2  el_before_av_textblock  avia-builder-el-first '><h1 class='av-special-heading-tag'  itemprop=\"headline\"  >Wissenschaftlicher Hintergrund<br \/>von MetGIS<\/h1><div class=\"special-heading-border\"><div class=\"special-heading-inner-border\"><\/div><\/div><\/div><br \/>\n<section  class='av_textblock_section av-lsyvmgmv-5674506f9319b8fdd1403aa2cc2f00f4 '   itemscope=\"itemscope\" itemtype=\"https:\/\/schema.org\/CreativeWork\" ><div class='avia_textblock'  itemprop=\"text\" ><\/div><\/section><\/p><\/div><\/div><\/div><\/main><!-- close content main element --><\/div><\/div><\/div><div id='av_section_2'  class='avia-section av-3ujibb-273c8bac8d738290d0bf3628df012507 main_color avia-section-default avia-no-border-styling  avia-builder-el-4  el_after_av_section  avia-builder-el-last  avia-bg-style-scroll container_wrap fullsize'  ><div class='container av-section-cont-open' ><div class='template-page content  av-content-full alpha units'><div class='post-entry post-entry-type-page post-entry-1539'><div class='entry-content-wrapper clearfix'>\n<div  class='flex_column av-3po5tb-26a4e629dc86c82c4600a4c9e426ec62 av_one_full  avia-builder-el-5  avia-builder-el-no-sibling  first flex_column_div  '     ><section  class='av_textblock_section av-lte5jwsf-42369537ef49b735a2d5cfa51d78fff6 '   itemscope=\"itemscope\" itemtype=\"https:\/\/schema.org\/CreativeWork\" ><div class='avia_textblock'  itemprop=\"text\" ><p>Seit 2005 wurden Informationen \u00fcber MetGIS auf mehr als 20 wissenschaftlichen Konferenzen in 15 L\u00e4ndern pr\u00e4sentiert (\u00d6sterreich, Italien, Frankreich, Belgien, Tschechien, Slowakei, Spanien, Gro\u00dfbritannien, Kanada, Brasilien, Chile, Indien, Nepal, Kuba und Australien). Wissenschaftliche Artikel \u00fcber das Thema MetGIS erschienen in vier Sprachen (Englisch, Deutsch, Spanisch und Franz\u00f6sisch). Diese Artikel und Arbeiten sind Grundlage unsere <a href=\"https:\/\/metgis.com\/de\/wetter-apis\/\">APIs<\/a> und von des <a href=\"https:\/\/metgis.com\/de\/metgis-pro\/\">Wetterdashboards MetGIS Pro+<\/a>. <span style=\"font-weight: 400;\">MetGIS profitierte auch von der <a href=\"https:\/\/metgis.com\/de\/unsere-partner\/\">Zusammenarbeit<\/a> mit internationalen Forschungsinstituten und Universit\u00e4ten.<\/span><\/p>\n<p>Nachstehend findet sich eine Auflistung einiger Artikel mit Informationen \u00fcber den wissenschaftlichen Hintergrund von MetGIS:<\/p>\n<ol>\n<li>Spreitzhofer, G., Norte, F. (2006). Development of a combined geographic and meteorological information system for the Andes region. Proceedings of the 8th International Conference on Southern Hemisphere Meteorology and Oceanography in Foz do Iguazu, Brasil, April 2006.<\/li>\n<li>Spreitzhofer, G., Norte, F. (2006). Desarrollo de MetGIS, un sistema combinado de informaci\u00f3n geografica, meteorol\u00f3gica y de cobertura de nieve de alta resoluci\u00f3n, para la regi\u00f3n andina. Meteorologica 31, 99-108.<\/li>\n<li>Spreitzhofer, G. (2006). Einbindung meteorologischer Information in geographische Informationssysteme. Proceedings of the AGIT 2006 (Symposium und Fachmesse f\u00fcr angewandte Geoinformatik) in Salzburg, Austria, Juli 2006.<\/li>\n<li>Spreitzhofer, G., Steinacker, R. (2007). Employing the MetGIS-System for the production of high-resolution meteorological and snow-related forecasts over alpine terrain. Proceedings of the 29th International Conference on Alpine Meteorology in Chambery, France, June 2007.<\/li>\n<li>Spreitzhofer, G. (2007). MetGIS: A high-resolution, geographic-meteorological information system specialized on snow forecasts over alpine terrain. Proceedings of the 14th Congress of the European Avalanche Warning Services in Stary Smokovec, Slovakia, June 2007.<\/li>\n<li>Spreitzhofer, G. (2007). High-resolution mountain weather forecasts using MetGIS, a combined meteorological-geographic information system. Book of abstracts (on CD) of the 8th European Conference on the Applications of Meteorology (ECAM) in San Lorenzo de Escorial, Spain, October 2007.<\/li>\n<li>Spreitzhofer, G., Steinacker, R. (2007). Schneeprognosemodell f\u00fcr den Winterdienst &#8211; Optimierung. Final report of research project 3.237 (sponsored by BMVIT and ASFINAG), Vienna, 32 pp.<\/li>\n<li>Spreitzhofer, G., Steinacker, R. (2008). Road weather predictions produced by MetGIS. Proceedings of the 14th International Road Weather Conference in Prague (on CD), Czech Republic, May 2008.<\/li>\n<li>Spreitzhofer, G., Steinacker, R. (2008). MetGIS: High-resolution, web-based graphical weather forecasts for traffic operation managers. Proceedings of the Lakeside Conference (Safety in Mobility) in Klagenfurt, Austria, July 2008.<\/li>\n<li>Spreitzhofer, G. (2008). Customized high-resolution weather forecasts to support polar tourism. In: The Vienna Symposium on Polar Tourism. Schriftenreihe des Instituts f\u00fcr St\u00e4dtebau, Landschaftsarchitektur und Entwerfen, TU Wien, 42-49.<\/li>\n<li>Spreitzhofer, G. (2008). MetGIS: A new approach to downscale the output of mesoscale meteorological forecast models over the Andes region. Book of abstracts of the 4th EGU Alexander von Humboldt International Conference (The Andes: Challenge for Geosciences) in Santiago de Chile, Chile, November 2008.<\/li>\n<li>Spreitzhofer, G., Steinacker, R. (2008). Schneeprognosemodell f\u00fcr den Winterdienst &#8211; Optimierung. BMVIT, Stra\u00dfenforschung, Heft 577, 39p.<\/li>\n<li>Spreitzhofer, G. (2009). MetGIS &#8211; Web Version. Proceedings of the 15th Congress of the European Avalanche Warning Services in Innsbruck, Austria, June 2009 (CD-ROM).<\/li>\n<li>Spreitzhofer, G. (2009): Neues Schneeprognosemodell f\u00fcr den Winterdienst (Zusammenfassung von Stra\u00dfenforschung &#8211; Heft 577). In: FSV-Aktuell &#8211; Stra\u00dfe (Mitteilungen der \u00d6sterreichischen Forschungsgesellschaft Stra\u00dfe &#8211; Schiene &#8211; Verkehr), Juni 2009, 1-3.<\/li>\n<li>Sperka, S., Spreitzhofer, G. (2009). Verification of MetGIS forecasts for the Alps and the Pyrenees &#8211; January 2008 &#8211; May 2009. Internal Report, Institute of Meteorology and Geophysics, University of Vienna, 63pp.<\/li>\n<li>Spreitzhofer, G. (2010). High-Resolution Snow Forecasts for Alpine Regions, Applying the MetGIS Technology. Proceedings of the International Symposium on Snow and Avalanches in Manali, India, April 2009.<\/li>\n<li>Spreitzhofer, G., Steinacker, R. (2010). La combinaison des systemes d&#8217;informations meteorologiques et geographiques pour ameliorer la precision des previsions routieres. Proceedings of the 13th International Winter Road Congress in Quebec, Canada, February 2010. (Also English version of paper available: Combining meteorological and geographic information systems to increase the capacity of road weather forecasts).<\/li>\n<li>Spreitzhofer, G., Sperka, S. (2011). MetGIS High Resolution Snow Forecasts for the Southern Hemisphere: Recent Upgrades and Performance Checks. Book of Abstracts of the 15th IUGG General Assembly in Melbourne, Australia, 28 June &#8211; 7 July 2011.<\/li>\n<li>Spreitzhofer, G. (2011). MetGIS High Resolution Mountain Weather Forecasts for Avalanche Warning Services: Basic Features and Experiences. Book of Abstracts (CD-ROM) of the 16th Meeting of the European Avalanche Warning Services in Grenoble, France, 15-16 September 2011.<\/li>\n<li>Sperka, S., Spreitzhofer, G. (2011). Comparison of Different Verification Approaches for High Resolution NWP Precipitation Forecasts. EMS Annual Meeting Abstracts (11th annual meeting of the European Meteorological Society, 12-16 September 2011, Berlin, Germany), Vol. 8, EMS2011-538. URL: http:\/\/meetingorganizer.copernicus.org\/EMS2011\/EMS2011-538.pdf.<\/li>\n<li>Sperka, S., Spreitzhofer, G. (2011). Vergleich unterschiedlicher Verifikationsans\u00e4tze f\u00fcr hochaufgel\u00f6ste NWP Niederschlagsvorhersagen. Poster abstract in: Proceedings of the 4th Austrian Meteorological Assembly, 3-4 November 2011, Klagenfurt, Austria. <a href=\"http:\/\/www.kiks.ktn.gv.at\/230197_DE-PDF-Meteorologentag_Tagungsband.pdf\">URL: http:\/\/www.kiks.ktn.gv.at\/230197_DE-PDF-Meteorologentag_Tagungsband.pdf<\/a><\/li>\n<li>Sperka, S., Spreitzhofer, G. (2012). Estimating 2m Temperature Boundaries from Ensemble Forecasts. Geophysical Research Abstracts (EGU General Assembly, 22-27 April 2012, Vienna, Austria), Vol. 14, EGU2012-9817.<\/li>\n<li>Spreitzhofer, G., Sperka, S. and Steinacker, R. (2012). MetGIS: combination of Meteorological and Geographic Information Systems to produce high resolution mountain weather forecasts. Met. Apps. doi: 10.1002\/met.1299.<\/li>\n<li>Sperka, S., Spreitzhofer, G. (2012). MetGIS. In: Forschungsprojekte am Vienna Scientific Cluster, October 2009 bis Mai 2012, Herausgeber: Zentraler Informatikdienst der Universit\u00e4t Wien, Mai 2012. p20.<\/li>\n<li>Spreitzhofer, G., Sperka, S. and Steinacker, R. (2013). MetGIS: combination of Meteorological and Geographic Information Systems to produce high resolution mountain weather forecasts. Meteorological Applications 20, 371-378. <a href=\"http:\/\/URL: http:\/\/onlinelibrary.wiley.com\/doi\/10.1002\/met.1299\/pdf.\" data-wplink-url-error=\"true\">URL: http:\/\/onlinelibrary.wiley.com\/doi\/10.1002\/met.1299\/pdf.<\/a><\/li>\n<li>Spreitzhofer, G. (2013). Tecnolog\u00eda para las operaciones de apertura en caminos de alta monta\u00f1a. In: Proceedings of the international seminar on winter operations in high altitude and extreme zones, Santiago de Chile, Chile, 4-7 June 2013.<\/li>\n<li>Spreitzhofer, G., Sperka, S. (2014). M\u00e9todos innovadores para el mejoramiento de la predicci\u00f3n de las condiciones del tiempo en rutas de monta\u00f1a. In: Proceedings of the 14th International Winter Road Congress, Andorra la Vella, Andorra, 4-7 February 2014.<\/li>\n<li>Spreitzhofer, G. (2014). MetGIS GmbH: Hochdetaillierte Echtzeitvorhersagen f\u00fcr die weltweit bedeutendsten Berggebiete. Bulletin der \u00d6sterreichischen Meteorologischen Gesellschaft (\u00d6GM), 2014\/1.<\/li>\n<li>Spreitzhofer, G. (2014). Climb every mountain \u2013 High altitude weather prediction can reduce accident levels. Meteorological Technology International, Aug. 2014 issue.<\/li>\n<li>Spreitzhofer, G. (2014). MetGIS: Pron\u00f3sticos meteorol\u00f3gicos de ultra alta resoluci\u00f3n para la industria minera. Horizonte Minero 98, 20-22.<\/li>\n<li>Spreitzhofer, G., Sperka, S. (2015). Ultra-high resolution real-time weather predictions for the Himalayas, using MetGIS technologies. In: Proceedings of the International Conference on Climate Change Innovation and Resilience for Sustainable Livelihood, Kathmandu, Nepal, 12-14 January 2015.<\/li>\n<li>Spreitzhofer, G. (2015). Hochdetaillierte Echtzeitvorhersagen f\u00fcr Berggebiete. In: Mountain Manager, 07\/2015 issue.<\/li>\n<li>Spreitzhofer, G., Sperka, S. (2015). Innovative methods for real-time and ultra high resolution weather predictions over the Andes Mountains. In: Abstracts of the XVI Latin American and Iberian Congress of Societies of Meteorology, Havana, Cuba, 1-4 December 2015.<\/li>\n<\/ol>\n<\/div><\/section><\/div><\/p>\n","protected":false},"excerpt":{"rendered":"","protected":false},"author":2,"featured_media":0,"parent":0,"menu_order":0,"comment_status":"closed","ping_status":"closed","template":"","meta":{"footnotes":""},"yoast_head":"<!-- This site is optimized with the Yoast SEO plugin v22.6 - https:\/\/yoast.com\/wordpress\/plugins\/seo\/ -->\n<title>MetGIS Wissenschaftlicher Hintergrund<\/title>\n<meta name=\"description\" content=\"MetGIS Wissenschaftlicher Hintergrund: MetGIS ist ein Spin-off der Universit\u00e4t Wien ist und bietet Wetterservices und Wetter APIs an\" \/>\n<meta name=\"robots\" content=\"index, follow, max-snippet:-1, max-image-preview:large, max-video-preview:-1\" \/>\n<link rel=\"canonical\" href=\"https:\/\/metgis.com\/de\/wissenschaftlicher-hintergrund\/\" \/>\n<meta property=\"og:locale\" content=\"de_DE\" \/>\n<meta property=\"og:type\" content=\"article\" \/>\n<meta property=\"og:title\" content=\"MetGIS Wissenschaftlicher Hintergrund\" \/>\n<meta property=\"og:description\" content=\"MetGIS Wissenschaftlicher Hintergrund: MetGIS ist ein Spin-off der Universit\u00e4t Wien ist und bietet Wetterservices und Wetter APIs an\" \/>\n<meta property=\"og:url\" content=\"https:\/\/metgis.com\/de\/wissenschaftlicher-hintergrund\/\" \/>\n<meta property=\"og:site_name\" content=\"MetGIS\" \/>\n<meta property=\"article:modified_time\" content=\"2024-09-25T10:17:15+00:00\" \/>\n<meta name=\"twitter:card\" content=\"summary_large_image\" \/>\n<meta name=\"twitter:label1\" content=\"Est. reading time\" \/>\n\t<meta name=\"twitter:data1\" content=\"7 Minuten\" \/>\n<script type=\"application\/ld+json\" class=\"yoast-schema-graph\">{\"@context\":\"https:\/\/schema.org\",\"@graph\":[{\"@type\":\"WebPage\",\"@id\":\"https:\/\/metgis.com\/de\/wissenschaftlicher-hintergrund\/\",\"url\":\"https:\/\/metgis.com\/de\/wissenschaftlicher-hintergrund\/\",\"name\":\"MetGIS Wissenschaftlicher Hintergrund\",\"isPartOf\":{\"@id\":\"https:\/\/metgis.com\/de\/#website\"},\"datePublished\":\"2024-05-16T14:14:25+00:00\",\"dateModified\":\"2024-09-25T10:17:15+00:00\",\"description\":\"MetGIS Wissenschaftlicher Hintergrund: MetGIS ist ein Spin-off der Universit\u00e4t Wien ist und bietet Wetterservices und Wetter APIs an\",\"breadcrumb\":{\"@id\":\"https:\/\/metgis.com\/de\/wissenschaftlicher-hintergrund\/#breadcrumb\"},\"inLanguage\":\"de-DE\",\"potentialAction\":[{\"@type\":\"ReadAction\",\"target\":[\"https:\/\/metgis.com\/de\/wissenschaftlicher-hintergrund\/\"]}]},{\"@type\":\"BreadcrumbList\",\"@id\":\"https:\/\/metgis.com\/de\/wissenschaftlicher-hintergrund\/#breadcrumb\",\"itemListElement\":[{\"@type\":\"ListItem\",\"position\":1,\"name\":\"Home\",\"item\":\"https:\/\/metgis.com\/de\/startseite\/\"},{\"@type\":\"ListItem\",\"position\":2,\"name\":\"Wissenschaftlicher Hintergrund\"}]},{\"@type\":\"WebSite\",\"@id\":\"https:\/\/metgis.com\/de\/#website\",\"url\":\"https:\/\/metgis.com\/de\/\",\"name\":\"MetGIS\",\"description\":\"\",\"publisher\":{\"@id\":\"https:\/\/metgis.com\/de\/#organization\"},\"potentialAction\":[{\"@type\":\"SearchAction\",\"target\":{\"@type\":\"EntryPoint\",\"urlTemplate\":\"https:\/\/metgis.com\/de\/?s={search_term_string}\"},\"query-input\":\"required name=search_term_string\"}],\"inLanguage\":\"de-DE\"},{\"@type\":\"Organization\",\"@id\":\"https:\/\/metgis.com\/de\/#organization\",\"name\":\"MetGIS\",\"url\":\"https:\/\/metgis.com\/de\/\",\"logo\":{\"@type\":\"ImageObject\",\"inLanguage\":\"de-DE\",\"@id\":\"https:\/\/metgis.com\/de\/#\/schema\/logo\/image\/\",\"url\":\"https:\/\/metgis.com\/wp-content\/uploads\/2024\/05\/metgis_logo_big_R.png\",\"contentUrl\":\"https:\/\/metgis.com\/wp-content\/uploads\/2024\/05\/metgis_logo_big_R.png\",\"width\":3508,\"height\":2480,\"caption\":\"MetGIS\"},\"image\":{\"@id\":\"https:\/\/metgis.com\/de\/#\/schema\/logo\/image\/\"}}]}<\/script>\n<!-- \/ Yoast SEO plugin. -->","yoast_head_json":{"title":"MetGIS Wissenschaftlicher Hintergrund","description":"MetGIS Wissenschaftlicher Hintergrund: MetGIS ist ein Spin-off der Universit\u00e4t Wien ist und bietet Wetterservices und Wetter APIs an","robots":{"index":"index","follow":"follow","max-snippet":"max-snippet:-1","max-image-preview":"max-image-preview:large","max-video-preview":"max-video-preview:-1"},"canonical":"https:\/\/metgis.com\/de\/wissenschaftlicher-hintergrund\/","og_locale":"de_DE","og_type":"article","og_title":"MetGIS Wissenschaftlicher Hintergrund","og_description":"MetGIS Wissenschaftlicher Hintergrund: MetGIS ist ein Spin-off der Universit\u00e4t Wien ist und bietet Wetterservices und Wetter APIs an","og_url":"https:\/\/metgis.com\/de\/wissenschaftlicher-hintergrund\/","og_site_name":"MetGIS","article_modified_time":"2024-09-25T10:17:15+00:00","twitter_card":"summary_large_image","twitter_misc":{"Est. reading time":"7 Minuten"},"schema":{"@context":"https:\/\/schema.org","@graph":[{"@type":"WebPage","@id":"https:\/\/metgis.com\/de\/wissenschaftlicher-hintergrund\/","url":"https:\/\/metgis.com\/de\/wissenschaftlicher-hintergrund\/","name":"MetGIS Wissenschaftlicher Hintergrund","isPartOf":{"@id":"https:\/\/metgis.com\/de\/#website"},"datePublished":"2024-05-16T14:14:25+00:00","dateModified":"2024-09-25T10:17:15+00:00","description":"MetGIS Wissenschaftlicher Hintergrund: MetGIS ist ein Spin-off der Universit\u00e4t Wien ist und bietet Wetterservices und Wetter APIs an","breadcrumb":{"@id":"https:\/\/metgis.com\/de\/wissenschaftlicher-hintergrund\/#breadcrumb"},"inLanguage":"de-DE","potentialAction":[{"@type":"ReadAction","target":["https:\/\/metgis.com\/de\/wissenschaftlicher-hintergrund\/"]}]},{"@type":"BreadcrumbList","@id":"https:\/\/metgis.com\/de\/wissenschaftlicher-hintergrund\/#breadcrumb","itemListElement":[{"@type":"ListItem","position":1,"name":"Home","item":"https:\/\/metgis.com\/de\/startseite\/"},{"@type":"ListItem","position":2,"name":"Wissenschaftlicher Hintergrund"}]},{"@type":"WebSite","@id":"https:\/\/metgis.com\/de\/#website","url":"https:\/\/metgis.com\/de\/","name":"MetGIS","description":"","publisher":{"@id":"https:\/\/metgis.com\/de\/#organization"},"potentialAction":[{"@type":"SearchAction","target":{"@type":"EntryPoint","urlTemplate":"https:\/\/metgis.com\/de\/?s={search_term_string}"},"query-input":"required name=search_term_string"}],"inLanguage":"de-DE"},{"@type":"Organization","@id":"https:\/\/metgis.com\/de\/#organization","name":"MetGIS","url":"https:\/\/metgis.com\/de\/","logo":{"@type":"ImageObject","inLanguage":"de-DE","@id":"https:\/\/metgis.com\/de\/#\/schema\/logo\/image\/","url":"https:\/\/metgis.com\/wp-content\/uploads\/2024\/05\/metgis_logo_big_R.png","contentUrl":"https:\/\/metgis.com\/wp-content\/uploads\/2024\/05\/metgis_logo_big_R.png","width":3508,"height":2480,"caption":"MetGIS"},"image":{"@id":"https:\/\/metgis.com\/de\/#\/schema\/logo\/image\/"}}]}},"_links":{"self":[{"href":"https:\/\/metgis.com\/de\/wp-json\/wp\/v2\/pages\/1539"}],"collection":[{"href":"https:\/\/metgis.com\/de\/wp-json\/wp\/v2\/pages"}],"about":[{"href":"https:\/\/metgis.com\/de\/wp-json\/wp\/v2\/types\/page"}],"author":[{"embeddable":true,"href":"https:\/\/metgis.com\/de\/wp-json\/wp\/v2\/users\/2"}],"replies":[{"embeddable":true,"href":"https:\/\/metgis.com\/de\/wp-json\/wp\/v2\/comments?post=1539"}],"version-history":[{"count":22,"href":"https:\/\/metgis.com\/de\/wp-json\/wp\/v2\/pages\/1539\/revisions"}],"predecessor-version":[{"id":7199,"href":"https:\/\/metgis.com\/de\/wp-json\/wp\/v2\/pages\/1539\/revisions\/7199"}],"wp:attachment":[{"href":"https:\/\/metgis.com\/de\/wp-json\/wp\/v2\/media?parent=1539"}],"curies":[{"name":"wp","href":"https:\/\/api.w.org\/{rel}","templated":true}]}}