{"id":1534,"date":"2024-05-16T16:07:35","date_gmt":"2024-05-16T14:07:35","guid":{"rendered":"https:\/\/website.metgis.com\/?page_id=1534"},"modified":"2025-05-06T12:33:14","modified_gmt":"2025-05-06T10:33:14","slug":"unsere-partner","status":"publish","type":"page","link":"https:\/\/metgis.com\/de\/unsere-partner\/","title":{"rendered":"Unsere Partner"},"content":{"rendered":"\n<style type=\"text\/css\" data-created_by=\"avia_inline_auto\" id=\"style-css-av-lsyv3d5i-12c96f768802ba9f7744034cd98743fb\">\n.avia-section.av-lsyv3d5i-12c96f768802ba9f7744034cd98743fb{\nbackground-repeat:no-repeat;\nbackground-image:url(https:\/\/metgis.com\/wp-content\/uploads\/2024\/05\/uber-banner-science.jpg);\nbackground-position:50% 0%;\nbackground-attachment:scroll;\n}\n.avia-section.av-lsyv3d5i-12c96f768802ba9f7744034cd98743fb .av-section-color-overlay{\nopacity:0.2;\nbackground-color:#164e7b;\n}\n<\/style>\n<div id='av_section_1'  class='avia-section av-lsyv3d5i-12c96f768802ba9f7744034cd98743fb main_color avia-section-default avia-no-border-styling  avia-builder-el-0  el_before_av_section  avia-builder-el-first  subpage-section avia-full-stretch avia-bg-style-scroll av-section-color-overlay-active av-minimum-height av-minimum-height-custom av-height-custom  container_wrap fullsize'  data-section-bg-repeat='stretch' data-av_minimum_height_px='388'><div class=\"av-section-color-overlay-wrap\"><div class=\"av-section-color-overlay\"><\/div><div class='container av-section-cont-open' style='height:388px'><main  role=\"main\" itemprop=\"mainContentOfPage\"  class='template-page content  av-content-full alpha units'><div class='post-entry post-entry-type-page post-entry-1534'><div class='entry-content-wrapper clearfix'>\n<div  class='flex_column av-v0wr-cf442c1848686813548fea6953a97ff6 av_one_full  avia-builder-el-1  avia-builder-el-no-sibling  first flex_column_div  '     ><p>\n<style type=\"text\/css\" data-created_by=\"avia_inline_auto\" id=\"style-css-av-lsyvm1bc-a84725ca0f91bca6b0d7c4e2c9ad5af0\">\n#top .av-special-heading.av-lsyvm1bc-a84725ca0f91bca6b0d7c4e2c9ad5af0{\npadding-bottom:10px;\n}\nbody .av-special-heading.av-lsyvm1bc-a84725ca0f91bca6b0d7c4e2c9ad5af0 .av-special-heading-tag .heading-char{\nfont-size:25px;\n}\n.av-special-heading.av-lsyvm1bc-a84725ca0f91bca6b0d7c4e2c9ad5af0 .av-subheading{\nfont-size:15px;\n}\n<\/style>\n<div  class='av-special-heading av-lsyvm1bc-a84725ca0f91bca6b0d7c4e2c9ad5af0 av-special-heading-h1 blockquote modern-quote  avia-builder-el-2  el_before_av_textblock  avia-builder-el-first '><h1 class='av-special-heading-tag'  itemprop=\"headline\"  >Entwicklungspartner<\/h1><div class=\"special-heading-border\"><div class=\"special-heading-inner-border\"><\/div><\/div><\/div><br \/>\n<section  class='av_textblock_section av-lsyvmgmv-5674506f9319b8fdd1403aa2cc2f00f4 '   itemscope=\"itemscope\" itemtype=\"https:\/\/schema.org\/CreativeWork\" ><div class='avia_textblock'  itemprop=\"text\" ><\/div><\/section><\/p><\/div>\n\n<\/div><\/div><\/main><!-- close content main element --><\/div><\/div><\/div>\n<style type=\"text\/css\" data-created_by=\"avia_inline_auto\" id=\"style-css-av-avee9q-88e28e1fd8a6f7221c498153b15f5259\">\n.avia-section.av-avee9q-88e28e1fd8a6f7221c498153b15f5259{\nbackground-color:#f5f5f5;\nbackground-image:unset;\n}\n<\/style>\n<div id='av_section_2'  class='avia-section av-avee9q-88e28e1fd8a6f7221c498153b15f5259 main_color avia-section-large avia-no-border-styling  avia-builder-el-4  el_after_av_section  el_before_av_section  subpage-api api-section-shadow avia-bg-style-scroll container_wrap fullsize'  ><div class='container av-section-cont-open' ><div class='template-page content  av-content-full alpha units'><div class='post-entry post-entry-type-page post-entry-1534'><div class='entry-content-wrapper clearfix'>\n<div class='flex_column_table av-92isha-09a6575ec51c9a04821a019b8d1517bb sc-av_three_fifth av-equal-height-column-flextable'><div  class='flex_column av-92isha-09a6575ec51c9a04821a019b8d1517bb av_three_fifth  avia-builder-el-5  el_before_av_two_fifth  avia-builder-el-first  first flex_column_table_cell av-equal-height-column av-align-top  '     ><section  class='av_textblock_section av-lzcj1nm9-9afc77d2eac573d1f0f425b61caf2f5f '   itemscope=\"itemscope\" itemtype=\"https:\/\/schema.org\/CreativeWork\" ><div class='avia_textblock'  itemprop=\"text\" ><p><span style=\"font-weight: 400;\">Die au\u00dferordentlich hohe Qualit\u00e4t von MetGIS Vorhersagen beruht auf der Tatsache, dass vor der eigentlichen Firmengr\u00fcndung sowohl Vorhersagetechnik als auch die grafische Pr\u00e4sentation der Prognosen im Rahmen von mehrj\u00e4hrigen, interdisziplin\u00e4ren und internationalen Forschungsprojekten entwickelt wurden, unter gleichzeitiger Einbeziehung von praktischen Anwendern. <\/span><\/p>\n<p><span style=\"font-weight: 400;\">Geb\u00fcndeltes Spezialwissen von Forschungsinstituten, Universit\u00e4ten und Wetterdiensten verschiedener L\u00e4nder (siehe die beiliegende Karte) konnte genutzt werden, welches die Bereiche Meteorologie, geografische Informationssysteme, Softwareentwicklung und Schneeforschung abdeckt.<\/span><\/p>\n<\/div><\/section><\/div><div class='av-flex-placeholder'><\/div><div  class='flex_column av-7qg93i-a9200201d13102fe423e8f1a77791713 av_two_fifth  avia-builder-el-7  el_after_av_three_fifth  avia-builder-el-last  flex_column_table_cell av-equal-height-column av-align-top  '     ><style type=\"text\/css\" data-created_by=\"avia_inline_auto\" id=\"style-css-av-lzcjdyif-6850f660377ab5efe08f18e621a14e98\">\n.avia-image-container.av-lzcjdyif-6850f660377ab5efe08f18e621a14e98 img.avia_image{\nbox-shadow:none;\n}\n.avia-image-container.av-lzcjdyif-6850f660377ab5efe08f18e621a14e98 .av-image-caption-overlay-center{\ncolor:#ffffff;\n}\n<\/style>\n<div  class='avia-image-container av-lzcjdyif-6850f660377ab5efe08f18e621a14e98 av-styling- avia-align-center  avia-builder-el-8  avia-builder-el-no-sibling  circles'   itemprop=\"image\" itemscope=\"itemscope\" itemtype=\"https:\/\/schema.org\/ImageObject\" ><div class=\"avia-image-container-inner\"><div class=\"avia-image-overlay-wrap\"><img decoding=\"async\" fetchpriority=\"high\" class='wp-image-1560 avia-img-lazy-loading-not-1560 avia_image ' src=\"https:\/\/metgis.com\/wp-content\/uploads\/2024\/05\/joan-gamell-ZS67i1HLllo-unsplash-1030x687.jpg\" alt='' title='joan-gamell-ZS67i1HLllo-unsplash'  height=\"687\" width=\"1030\"  itemprop=\"thumbnailUrl\" srcset=\"https:\/\/metgis.com\/wp-content\/uploads\/2024\/05\/joan-gamell-ZS67i1HLllo-unsplash-1030x687.jpg.webp 1030w, https:\/\/metgis.com\/wp-content\/uploads\/2024\/05\/joan-gamell-ZS67i1HLllo-unsplash-300x200.jpg.webp 300w, https:\/\/metgis.com\/wp-content\/uploads\/2024\/05\/joan-gamell-ZS67i1HLllo-unsplash-768x512.jpg.webp 768w, https:\/\/metgis.com\/wp-content\/uploads\/2024\/05\/joan-gamell-ZS67i1HLllo-unsplash-568x379.jpg.webp 568w, https:\/\/metgis.com\/wp-content\/uploads\/2024\/05\/joan-gamell-ZS67i1HLllo-unsplash-234x156.jpg 234w, https:\/\/metgis.com\/wp-content\/uploads\/2024\/05\/joan-gamell-ZS67i1HLllo-unsplash-442x295.jpg 442w, https:\/\/metgis.com\/wp-content\/uploads\/2024\/05\/joan-gamell-ZS67i1HLllo-unsplash.jpg 1920w, https:\/\/metgis.com\/wp-content\/uploads\/2024\/05\/joan-gamell-ZS67i1HLllo-unsplash-300x200@2x.jpg 600w, https:\/\/metgis.com\/wp-content\/uploads\/2024\/05\/joan-gamell-ZS67i1HLllo-unsplash-768x512@2x.jpg 1536w, https:\/\/metgis.com\/wp-content\/uploads\/2024\/05\/joan-gamell-ZS67i1HLllo-unsplash-568x379@2x.jpg 1136w, https:\/\/metgis.com\/wp-content\/uploads\/2024\/05\/joan-gamell-ZS67i1HLllo-unsplash-234x156@2x.jpg 468w, https:\/\/metgis.com\/wp-content\/uploads\/2024\/05\/joan-gamell-ZS67i1HLllo-unsplash-442x295@2x.jpg 884w\" sizes=\"(max-width: 1030px) 100vw, 1030px\" \/><\/div><\/div><\/div><\/div><\/div><!--close column table wrapper. Autoclose: 1 --><\/div><\/div><\/div><!-- close content main div --><\/div><\/div><div id='av_section_3'  class='avia-section av-6cfeum-e1989ee381881bf60ad7d5b491778865 main_color avia-section-large avia-no-border-styling  avia-builder-el-9  el_after_av_section  avia-builder-el-last  subpage-api avia-bg-style-scroll container_wrap fullsize'  ><div class='container av-section-cont-open' ><div class='template-page content  av-content-full alpha units'><div class='post-entry post-entry-type-page post-entry-1534'><div class='entry-content-wrapper clearfix'>\n<div class='flex_column_table av-4che3y-00b07231013453f1106c240ac6bfd929 sc-av_three_fifth av-equal-height-column-flextable'><div  class='flex_column av-4che3y-00b07231013453f1106c240ac6bfd929 av_three_fifth  avia-builder-el-10  el_before_av_two_fifth  avia-builder-el-first  first flex_column_table_cell av-equal-height-column av-align-top  '     ><style type=\"text\/css\" data-created_by=\"avia_inline_auto\" id=\"style-css-av-lzcj6tjf-91d0b9d8cef7c3c6194a49a2eed52c33\">\n.avia-image-container.av-lzcj6tjf-91d0b9d8cef7c3c6194a49a2eed52c33 img.avia_image{\nbox-shadow:none;\n}\n.avia-image-container.av-lzcj6tjf-91d0b9d8cef7c3c6194a49a2eed52c33 .av-image-caption-overlay-center{\ncolor:#ffffff;\n}\n<\/style>\n<div  class='avia-image-container av-lzcj6tjf-91d0b9d8cef7c3c6194a49a2eed52c33 av-styling- av-img-linked avia-align-center  avia-builder-el-11  avia-builder-el-no-sibling  circles'   itemprop=\"image\" itemscope=\"itemscope\" itemtype=\"https:\/\/schema.org\/ImageObject\" ><div class=\"avia-image-container-inner\"><div class=\"avia-image-overlay-wrap\"><a href=\"https:\/\/metgis.com\/wp-content\/uploads\/2024\/08\/MetGIS-Development-Partner-1030x504.webp\" data-srcset=\"https:\/\/metgis.com\/wp-content\/uploads\/2024\/08\/MetGIS-Development-Partner-1030x504.webp 1030w, https:\/\/metgis.com\/wp-content\/uploads\/2024\/08\/MetGIS-Development-Partner-300x147.webp 300w, https:\/\/metgis.com\/wp-content\/uploads\/2024\/08\/MetGIS-Development-Partner-768x376.webp 768w, https:\/\/metgis.com\/wp-content\/uploads\/2024\/08\/MetGIS-Development-Partner-568x278.webp 568w, https:\/\/metgis.com\/wp-content\/uploads\/2024\/08\/MetGIS-Development-Partner-234x114.webp 234w, https:\/\/metgis.com\/wp-content\/uploads\/2024\/08\/MetGIS-Development-Partner-442x216.webp 442w, https:\/\/metgis.com\/wp-content\/uploads\/2024\/08\/MetGIS-Development-Partner.webp 1920w, https:\/\/metgis.com\/wp-content\/uploads\/2024\/08\/MetGIS-Development-Partner-300x147@2x.webp 600w, https:\/\/metgis.com\/wp-content\/uploads\/2024\/08\/MetGIS-Development-Partner-768x376@2x.webp 1536w, https:\/\/metgis.com\/wp-content\/uploads\/2024\/08\/MetGIS-Development-Partner-568x278@2x.webp 1136w, https:\/\/metgis.com\/wp-content\/uploads\/2024\/08\/MetGIS-Development-Partner-234x114@2x.webp 468w, https:\/\/metgis.com\/wp-content\/uploads\/2024\/08\/MetGIS-Development-Partner-442x216@2x.webp 884w\" data-sizes=\"(max-width: 1030px) 100vw, 1030px\" class='avia_image '  aria-label='MetGIS Development Partner'><img decoding=\"async\" fetchpriority=\"high\" class='wp-image-4842 avia-img-lazy-loading-not-4842 avia_image ' src=\"https:\/\/metgis.com\/wp-content\/uploads\/2024\/08\/MetGIS-Development-Partner-1030x504.webp\" alt='' title='MetGIS Development Partner'  height=\"504\" width=\"1030\"  itemprop=\"thumbnailUrl\" srcset=\"https:\/\/metgis.com\/wp-content\/uploads\/2024\/08\/MetGIS-Development-Partner-1030x504.webp 1030w, https:\/\/metgis.com\/wp-content\/uploads\/2024\/08\/MetGIS-Development-Partner-300x147.webp 300w, https:\/\/metgis.com\/wp-content\/uploads\/2024\/08\/MetGIS-Development-Partner-768x376.webp 768w, https:\/\/metgis.com\/wp-content\/uploads\/2024\/08\/MetGIS-Development-Partner-568x278.webp 568w, https:\/\/metgis.com\/wp-content\/uploads\/2024\/08\/MetGIS-Development-Partner-234x114.webp 234w, https:\/\/metgis.com\/wp-content\/uploads\/2024\/08\/MetGIS-Development-Partner-442x216.webp 442w, https:\/\/metgis.com\/wp-content\/uploads\/2024\/08\/MetGIS-Development-Partner.webp 1920w, https:\/\/metgis.com\/wp-content\/uploads\/2024\/08\/MetGIS-Development-Partner-300x147@2x.webp 600w, https:\/\/metgis.com\/wp-content\/uploads\/2024\/08\/MetGIS-Development-Partner-768x376@2x.webp 1536w, https:\/\/metgis.com\/wp-content\/uploads\/2024\/08\/MetGIS-Development-Partner-568x278@2x.webp 1136w, https:\/\/metgis.com\/wp-content\/uploads\/2024\/08\/MetGIS-Development-Partner-234x114@2x.webp 468w, https:\/\/metgis.com\/wp-content\/uploads\/2024\/08\/MetGIS-Development-Partner-442x216@2x.webp 884w\" sizes=\"(max-width: 1030px) 100vw, 1030px\" \/><\/a><\/div><\/div><\/div><\/div><div class='av-flex-placeholder'><\/div><div  class='flex_column av-367efy-18510cca17c1d8e3ea967d77c3bd0124 av_two_fifth  avia-builder-el-12  el_after_av_three_fifth  avia-builder-el-last  flex_column_table_cell av-equal-height-column av-align-top  '     ><section  class='av_textblock_section av-lzcj8fc3-25271c71b9368edf2c0c9c7405fa43c2 '   itemscope=\"itemscope\" itemtype=\"https:\/\/schema.org\/CreativeWork\" ><div class='avia_textblock'  itemprop=\"text\" ><p><span style=\"font-weight: 400;\">Ein herzlicher Dank gilt unseren wichtigsten Entwicklungpartnern:<\/span><\/p>\n<ul>\n<li style=\"font-weight: 400;\" aria-level=\"1\"><span style=\"font-weight: 400;\">IMGW (Institut f\u00fcr Meteorologie und Geophysik, Universit\u00e4t Wien), Wien, \u00d6sterreich<\/span><\/li>\n<li style=\"font-weight: 400;\" aria-level=\"1\"><span style=\"font-weight: 400;\">SLF (Eidgen\u00f6ssisches Institut f\u00fcr Schnee und Lawinenforschung ), Davos, Schweiz<\/span><\/li>\n<li style=\"font-weight: 400;\" aria-level=\"1\"><span style=\"font-weight: 400;\">NIED\/NISIS (National Research Institute for Earth Science and Disaster Prevention), Nagaoka, Japan<\/span><\/li>\n<li style=\"font-weight: 400;\" aria-level=\"1\"><span style=\"font-weight: 400;\">SENAMHI (Servicio Nacional de Meteorologia e Hidrologia), Lima, Peru<\/span><\/li>\n<li style=\"font-weight: 400;\" aria-level=\"1\"><span style=\"font-weight: 400;\">IANIGLA (Instituto Argentino de Nivologia y Glaciologia), Mendoza, Argentinien<\/span><\/li>\n<li style=\"font-weight: 400;\" aria-level=\"1\"><span style=\"font-weight: 400;\">DGF (Departamento de Geofisica, Universidad de Chile), Santiago de Chile, Chile\u201d<\/span><\/li>\n<\/ul>\n<\/div><\/section><\/div><\/div><!--close column table wrapper. Autoclose: 1 -->\n<\/p>\n","protected":false},"excerpt":{"rendered":"","protected":false},"author":2,"featured_media":0,"parent":0,"menu_order":0,"comment_status":"closed","ping_status":"closed","template":"","meta":{"footnotes":""},"yoast_head":"<!-- This site is optimized with the Yoast SEO plugin v22.6 - https:\/\/yoast.com\/wordpress\/plugins\/seo\/ -->\n<title>Unsere Partner - MetGIS<\/title>\n<meta name=\"robots\" content=\"index, follow, max-snippet:-1, max-image-preview:large, max-video-preview:-1\" \/>\n<link rel=\"canonical\" href=\"https:\/\/metgis.com\/de\/unsere-partner\/\" \/>\n<meta property=\"og:locale\" content=\"de_DE\" \/>\n<meta property=\"og:type\" content=\"article\" \/>\n<meta property=\"og:title\" content=\"Unsere Partner - MetGIS\" \/>\n<meta property=\"og:url\" content=\"https:\/\/metgis.com\/de\/unsere-partner\/\" \/>\n<meta property=\"og:site_name\" content=\"MetGIS\" \/>\n<meta property=\"article:modified_time\" content=\"2025-05-06T10:33:14+00:00\" \/>\n<meta name=\"twitter:card\" content=\"summary_large_image\" \/>\n<meta name=\"twitter:label1\" content=\"Est. reading time\" \/>\n\t<meta name=\"twitter:data1\" content=\"2 Minuten\" \/>\n<script type=\"application\/ld+json\" class=\"yoast-schema-graph\">{\"@context\":\"https:\/\/schema.org\",\"@graph\":[{\"@type\":\"WebPage\",\"@id\":\"https:\/\/metgis.com\/de\/unsere-partner\/\",\"url\":\"https:\/\/metgis.com\/de\/unsere-partner\/\",\"name\":\"Unsere Partner - MetGIS\",\"isPartOf\":{\"@id\":\"https:\/\/metgis.com\/de\/#website\"},\"datePublished\":\"2024-05-16T14:07:35+00:00\",\"dateModified\":\"2025-05-06T10:33:14+00:00\",\"breadcrumb\":{\"@id\":\"https:\/\/metgis.com\/de\/unsere-partner\/#breadcrumb\"},\"inLanguage\":\"de-DE\",\"potentialAction\":[{\"@type\":\"ReadAction\",\"target\":[\"https:\/\/metgis.com\/de\/unsere-partner\/\"]}]},{\"@type\":\"BreadcrumbList\",\"@id\":\"https:\/\/metgis.com\/de\/unsere-partner\/#breadcrumb\",\"itemListElement\":[{\"@type\":\"ListItem\",\"position\":1,\"name\":\"Home\",\"item\":\"https:\/\/metgis.com\/de\/startseite\/\"},{\"@type\":\"ListItem\",\"position\":2,\"name\":\"Unsere Partner\"}]},{\"@type\":\"WebSite\",\"@id\":\"https:\/\/metgis.com\/de\/#website\",\"url\":\"https:\/\/metgis.com\/de\/\",\"name\":\"MetGIS\",\"description\":\"\",\"publisher\":{\"@id\":\"https:\/\/metgis.com\/de\/#organization\"},\"potentialAction\":[{\"@type\":\"SearchAction\",\"target\":{\"@type\":\"EntryPoint\",\"urlTemplate\":\"https:\/\/metgis.com\/de\/?s={search_term_string}\"},\"query-input\":\"required name=search_term_string\"}],\"inLanguage\":\"de-DE\"},{\"@type\":\"Organization\",\"@id\":\"https:\/\/metgis.com\/de\/#organization\",\"name\":\"MetGIS\",\"url\":\"https:\/\/metgis.com\/de\/\",\"logo\":{\"@type\":\"ImageObject\",\"inLanguage\":\"de-DE\",\"@id\":\"https:\/\/metgis.com\/de\/#\/schema\/logo\/image\/\",\"url\":\"https:\/\/metgis.com\/wp-content\/uploads\/2024\/05\/metgis_logo_big_R.png\",\"contentUrl\":\"https:\/\/metgis.com\/wp-content\/uploads\/2024\/05\/metgis_logo_big_R.png\",\"width\":3508,\"height\":2480,\"caption\":\"MetGIS\"},\"image\":{\"@id\":\"https:\/\/metgis.com\/de\/#\/schema\/logo\/image\/\"}}]}<\/script>\n<!-- \/ Yoast SEO plugin. -->","yoast_head_json":{"title":"Unsere Partner - MetGIS","robots":{"index":"index","follow":"follow","max-snippet":"max-snippet:-1","max-image-preview":"max-image-preview:large","max-video-preview":"max-video-preview:-1"},"canonical":"https:\/\/metgis.com\/de\/unsere-partner\/","og_locale":"de_DE","og_type":"article","og_title":"Unsere Partner - MetGIS","og_url":"https:\/\/metgis.com\/de\/unsere-partner\/","og_site_name":"MetGIS","article_modified_time":"2025-05-06T10:33:14+00:00","twitter_card":"summary_large_image","twitter_misc":{"Est. reading time":"2 Minuten"},"schema":{"@context":"https:\/\/schema.org","@graph":[{"@type":"WebPage","@id":"https:\/\/metgis.com\/de\/unsere-partner\/","url":"https:\/\/metgis.com\/de\/unsere-partner\/","name":"Unsere Partner - MetGIS","isPartOf":{"@id":"https:\/\/metgis.com\/de\/#website"},"datePublished":"2024-05-16T14:07:35+00:00","dateModified":"2025-05-06T10:33:14+00:00","breadcrumb":{"@id":"https:\/\/metgis.com\/de\/unsere-partner\/#breadcrumb"},"inLanguage":"de-DE","potentialAction":[{"@type":"ReadAction","target":["https:\/\/metgis.com\/de\/unsere-partner\/"]}]},{"@type":"BreadcrumbList","@id":"https:\/\/metgis.com\/de\/unsere-partner\/#breadcrumb","itemListElement":[{"@type":"ListItem","position":1,"name":"Home","item":"https:\/\/metgis.com\/de\/startseite\/"},{"@type":"ListItem","position":2,"name":"Unsere Partner"}]},{"@type":"WebSite","@id":"https:\/\/metgis.com\/de\/#website","url":"https:\/\/metgis.com\/de\/","name":"MetGIS","description":"","publisher":{"@id":"https:\/\/metgis.com\/de\/#organization"},"potentialAction":[{"@type":"SearchAction","target":{"@type":"EntryPoint","urlTemplate":"https:\/\/metgis.com\/de\/?s={search_term_string}"},"query-input":"required name=search_term_string"}],"inLanguage":"de-DE"},{"@type":"Organization","@id":"https:\/\/metgis.com\/de\/#organization","name":"MetGIS","url":"https:\/\/metgis.com\/de\/","logo":{"@type":"ImageObject","inLanguage":"de-DE","@id":"https:\/\/metgis.com\/de\/#\/schema\/logo\/image\/","url":"https:\/\/metgis.com\/wp-content\/uploads\/2024\/05\/metgis_logo_big_R.png","contentUrl":"https:\/\/metgis.com\/wp-content\/uploads\/2024\/05\/metgis_logo_big_R.png","width":3508,"height":2480,"caption":"MetGIS"},"image":{"@id":"https:\/\/metgis.com\/de\/#\/schema\/logo\/image\/"}}]}},"_links":{"self":[{"href":"https:\/\/metgis.com\/de\/wp-json\/wp\/v2\/pages\/1534"}],"collection":[{"href":"https:\/\/metgis.com\/de\/wp-json\/wp\/v2\/pages"}],"about":[{"href":"https:\/\/metgis.com\/de\/wp-json\/wp\/v2\/types\/page"}],"author":[{"embeddable":true,"href":"https:\/\/metgis.com\/de\/wp-json\/wp\/v2\/users\/2"}],"replies":[{"embeddable":true,"href":"https:\/\/metgis.com\/de\/wp-json\/wp\/v2\/comments?post=1534"}],"version-history":[{"count":32,"href":"https:\/\/metgis.com\/de\/wp-json\/wp\/v2\/pages\/1534\/revisions"}],"predecessor-version":[{"id":12502,"href":"https:\/\/metgis.com\/de\/wp-json\/wp\/v2\/pages\/1534\/revisions\/12502"}],"wp:attachment":[{"href":"https:\/\/metgis.com\/de\/wp-json\/wp\/v2\/media?parent=1534"}],"curies":[{"name":"wp","href":"https:\/\/api.w.org\/{rel}","templated":true}]}}