{"id":1418,"date":"2024-05-16T11:35:42","date_gmt":"2024-05-16T09:35:42","guid":{"rendered":"https:\/\/website.metgis.com\/?page_id=1418"},"modified":"2025-01-24T21:03:10","modified_gmt":"2025-01-24T20:03:10","slug":"datenschutzerklaerung","status":"publish","type":"page","link":"https:\/\/metgis.com\/de\/datenschutzerklaerung\/","title":{"rendered":"Datenschutzerkl\u00e4rung"},"content":{"rendered":"\n<style type=\"text\/css\" data-created_by=\"avia_inline_auto\" id=\"style-css-av-lsyv3d5i-a0101066e9037f8e133da5dd2838a515\">\n.avia-section.av-lsyv3d5i-a0101066e9037f8e133da5dd2838a515{\nbackground-color:#0a0000;\nbackground-image:unset;\n}\n.avia-section.av-lsyv3d5i-a0101066e9037f8e133da5dd2838a515 .av-section-color-overlay{\nopacity:0.2;\nbackground-color:#164e7b;\n}\n<\/style>\n<div id='av_section_1'  class='avia-section av-lsyv3d5i-a0101066e9037f8e133da5dd2838a515 main_color avia-section-default avia-no-border-styling  avia-builder-el-0  el_before_av_section  avia-builder-el-first  subpage-section avia-bg-style-scroll av-section-color-overlay-active av-minimum-height av-minimum-height-custom av-height-custom  container_wrap fullsize'   data-av_minimum_height_px='388'><div class=\"av-section-color-overlay-wrap\"><div class=\"av-section-color-overlay\"><\/div><div class='container av-section-cont-open' style='height:388px'><main  role=\"main\" itemprop=\"mainContentOfPage\"  class='template-page content  av-content-full alpha units'><div class='post-entry post-entry-type-page post-entry-1418'><div class='entry-content-wrapper clearfix'>\n<div  class='flex_column av-v0wr-cf442c1848686813548fea6953a97ff6 av_one_full  avia-builder-el-1  avia-builder-el-no-sibling  first flex_column_div  '     ><p>\n<style type=\"text\/css\" data-created_by=\"avia_inline_auto\" id=\"style-css-av-lsyvm1bc-c209ce91b14b6ba10b428c3f5cd32f5b\">\n#top .av-special-heading.av-lsyvm1bc-c209ce91b14b6ba10b428c3f5cd32f5b{\npadding-bottom:10px;\n}\nbody .av-special-heading.av-lsyvm1bc-c209ce91b14b6ba10b428c3f5cd32f5b .av-special-heading-tag .heading-char{\nfont-size:25px;\n}\n.av-special-heading.av-lsyvm1bc-c209ce91b14b6ba10b428c3f5cd32f5b .av-subheading{\nfont-size:15px;\n}\n<\/style>\n<div  class='av-special-heading av-lsyvm1bc-c209ce91b14b6ba10b428c3f5cd32f5b av-special-heading-h1 blockquote modern-quote  avia-builder-el-2  el_before_av_textblock  avia-builder-el-first '><h1 class='av-special-heading-tag'  itemprop=\"headline\"  >DATENSCHUTZERKL\u00c4RUNG<\/h1><div class=\"special-heading-border\"><div class=\"special-heading-inner-border\"><\/div><\/div><\/div><br \/>\n<section  class='av_textblock_section av-lsyvmgmv-5674506f9319b8fdd1403aa2cc2f00f4 '   itemscope=\"itemscope\" itemtype=\"https:\/\/schema.org\/CreativeWork\" ><div class='avia_textblock'  itemprop=\"text\" ><\/div><\/section><\/p><\/div>\n\n<\/div><\/div><\/main><!-- close content main element --><\/div><\/div><\/div><div id='av_section_2'  class='avia-section av-3ujibb-273c8bac8d738290d0bf3628df012507 main_color avia-section-default avia-no-border-styling  avia-builder-el-4  el_after_av_section  avia-builder-el-last  avia-bg-style-scroll container_wrap fullsize'  ><div class='container av-section-cont-open' ><div class='template-page content  av-content-full alpha units'><div class='post-entry post-entry-type-page post-entry-1418'><div class='entry-content-wrapper clearfix'>\n<div  class='flex_column av-3po5tb-26a4e629dc86c82c4600a4c9e426ec62 av_one_full  avia-builder-el-5  avia-builder-el-no-sibling  first flex_column_div  '     ><section  class='av_textblock_section av-lte5jwsf-42369537ef49b735a2d5cfa51d78fff6 '   itemscope=\"itemscope\" itemtype=\"https:\/\/schema.org\/CreativeWork\" ><div class='avia_textblock'  itemprop=\"text\" ><h1><b><span data-contrast=\"auto\">Datenschutzerkl\u00e4rung<\/span><\/b><span data-ccp-props=\"{\">\u00a0<\/span><\/h1>\n<p><span data-contrast=\"auto\">\u202f<\/span><span data-ccp-props=\"{\">\u00a0<\/span><\/p>\n<p><span data-contrast=\"auto\">Der Schutz Ihrer pers\u00f6nlichen Daten ist uns ein besonderes Anliegen. Wir verarbeiten Ihre Daten daher ausschlie\u00dflich auf Grundlage der gesetzlichen Bestimmungen (DSGVO, TKG 2021).<\/span><span data-ccp-props=\"{\">\u00a0<\/span><\/p>\n<p><span data-contrast=\"auto\">In diesen Datenschutzinformationen informieren wir Sie \u00fcber die wichtigsten Aspekte der Datenverarbeitung im Rahmen unserer Dienstleistungen.<\/span><span data-ccp-props=\"{\">\u00a0<\/span><\/p>\n<h2><b><span data-contrast=\"auto\">Kontakt mit uns<\/span><\/b><span data-ccp-props=\"{\">\u00a0<\/span><\/h2>\n<p><span data-contrast=\"auto\">Wenn Sie per Formular auf der Website oder per E-Mail Kontakt mit uns aufnehmen, werden Ihre angegebenen Daten zwecks Bearbeitung der Anfrage und f\u00fcr den Fall von Anschlussfragen sechs Monate bei uns gespeichert. Diese Daten geben wir nicht ohne Ihre Einwilligung weiter.<\/span><span data-ccp-props=\"{\">\u00a0<\/span><\/p>\n<p><b><span data-contrast=\"auto\">Sie erreichen uns unter folgenden Kontaktdaten:<\/span><\/b><span data-ccp-props=\"{\">\u00a0<\/span><\/p>\n<p><span data-contrast=\"auto\">MetGIS GmbH<\/span><br \/>\n<span data-contrast=\"auto\">Lange Gasse 16\/18<\/span><br \/>\n<span data-contrast=\"auto\">1080 Wien<\/span><br \/>\n<span data-contrast=\"auto\">Tel.:+43 1 890 90 32<\/span><br \/>\n<span data-contrast=\"auto\">E-mail: office@metgis.com<\/span><span data-ccp-props=\"{\">\u00a0<\/span><\/p>\n<h2><b><span data-contrast=\"auto\">Datenspeicherung im Zusammenhang mit Bestellvorg\u00e4ngen<\/span><\/b><span data-ccp-props=\"{\">\u00a0<\/span><\/h2>\n<p><span data-contrast=\"auto\">Bestellungen k\u00f6nnen bei MetGIS entweder via Webshop oder per E-Mail erfolgen.<\/span><span data-ccp-props=\"{\">\u00a0<\/span><\/p>\n<p><span data-contrast=\"auto\">Wir weisen darauf hin, dass bei Webshop-Bestellungen zum Zweck des einfacheren Einkaufsvorganges und zur sp\u00e4teren Vertragsabwicklung vom Webshop-Betreiber im Rahmen von Cookies die IP-Daten des Anschlussinhabers gespeichert werden, ebenso wie Name, Anschrift und E-Mail-Adresse des K\u00e4ufers. Bei E-Mail-Bestellungen werden nur Name, Anschrift und E-Mail-Adresse gespeichert.<\/span><span data-ccp-props=\"{\">\u00a0<\/span><\/p>\n<p><span data-contrast=\"auto\">Die von Ihnen bereit gestellten Daten sind zur Vertragserf\u00fcllung bzw. zur Durchf\u00fchrung vorvertraglicher Ma\u00dfnahmen erforderlich. Ohne diese Daten k\u00f6nnen wir den Vertrag mit Ihnen nicht abschlie\u00dfen. Eine Daten\u00fcbermittlung an Dritte erfolgt nicht, mit Ausnahme der \u00dcbermittlung der Rechnungsdaten an unseren Steuerberater zur Erf\u00fcllung unserer steuerrechtlichen Verpflichtungen.<\/span><span data-ccp-props=\"{\">\u00a0<\/span><\/p>\n<p><span data-contrast=\"auto\">Bei Webshop-Bestellungen wird eine vom Kunden im Zusammenhang mit dem Zahlungsvorgang gegebenenfalls angegebene Kreditkartennummer bzw. Bankverbindungsinformation von unserem Partner, dem internationalen Paymentprovider Stripe, Inc. (https:\/\/stripe.com) verarbeitet. MetGIS GmbH hat zu keinem Zeitpunkt Zugriff auf diese Daten. Stripe verf\u00fcgt \u00fcber Spezialsoftware zur sicheren Zahlungsabwicklung. Nach Abbruch des Einkaufsvorganges werden die bei uns gespeicherten Daten gel\u00f6scht.<\/span><span data-ccp-props=\"{\">\u00a0<\/span><\/p>\n<p><span data-contrast=\"auto\">Im Falle eines Vertragsabschlusses werden s\u00e4mtliche Daten aus dem Vertragsverh\u00e4ltnis bis zum Ablauf der steuerrechtlichen Aufbewahrungsfrist (7 Jahre) gespeichert.<\/span><span data-ccp-props=\"{\">\u00a0<\/span><\/p>\n<p><span data-contrast=\"auto\">Die Daten Name, Anschrift, gekaufte Waren und Kaufdatum werden dar\u00fcber hinaus gehend bis zum Ablauf der Produkthaftung (10 Jahre) gespeichert. Die Datenverarbeitung erfolgt auf Basis der gesetzlichen Bestimmungen des \u00a7 165 Abs 3 TKG sowie des Art 6 Abs 1 lit b (notwendig zur Vertragserf\u00fcllung) der DSGVO.<\/span><span data-ccp-props=\"{\">\u00a0<\/span><\/p>\n<h2><b><span data-contrast=\"auto\">Cookies<\/span><\/b><span data-ccp-props=\"{\">\u00a0<\/span><\/h2>\n<p>Die Webseiten des Anbieters (www.metgis.com, shop.metgis.com) sowie einige Unterseiten verwenden sogenannte Cookies. Dies dient einerseits der Webanalyse, andererseits um den Einkaufsvorgang zu vereinfachen und zus\u00e4tzliche Funktionen anbieten zu k\u00f6nnen.<\/p>\n<p><span data-contrast=\"auto\">Ein Cookie ist eine Textdatei, die von einem Webserver auf die Festplatte des Nutzers kopiert wird. Cookies k\u00f6nnen keine Programme ausf\u00fchren oder Viren auf Computer bringen. Ein Hauptzweck von Cookies ist es, den Kunden beim Navigieren durch den Web-Auftritt zu unterst\u00fctzen und Eingaben zu vereinfachen. Ggf. k\u00f6nnen bereits gespeicherte Einstellungen abgerufen werden, sodass sie durch den Kunden einfacher genutzt werden k\u00f6nnen. Der Kunde kann Cookies annehmen oder ablehnen. Dies geschieht \u00fcber Einstellungen im Webbrowser. Die Mehrzahl der Webbrowser nimmt Cookies automatisch an. Der Kunde kann seine Browsereinstellungen f\u00fcr Cookies auch nach seinen Bed\u00fcrfnissen anpassen.<br \/>\n<\/span><\/p>\n<p>Wenn der Kunde Cookies ablehnt, kann er m\u00f6glicherweise nicht alle interaktiven M\u00f6glichkeiten der gekauften Produkte und von Demosoftware auf unserer Webseite vollst\u00e4ndig nutzen.<\/p>\n<p>Detaillierte Informationen zum Einsatz von Cookies bei MetGIS finden Sie in unserer Cookie Policy (<a href=\"https:\/\/metgis.com\/de\/cookie-policy-eu\/\">https:\/\/metgis.com\/de\/cookie-policy-eu)<\/a>.<\/p>\n<h2><b><span data-contrast=\"auto\">Web-Analyse<\/span><\/b><span data-ccp-props=\"{\">\u00a0<\/span><\/h2>\n<p>Wir verwenden Google Analytics, um die Website-Nutzung zu analysieren. Die daraus gewonnenen Daten werden genutzt, um unsere Website sowie Werbema\u00dfnahmen zu optimieren.<\/p>\n<p>Google Analytics wird uns von Google Ireland Limited (Gordon House, Barrow Street, Dublin 4, Irland) bereitgestellt. Google verarbeitet die Daten zur Website-Nutzung in unserem Auftrag und verpflichtet sich vertraglich zu Ma\u00dfnahmen, um die Sicherheit und Vertraulichkeit der verarbeiteten Daten zu gew\u00e4hrleisten.<\/p>\n<p>W\u00e4hrend Ihres Website-Besuchs werden u.a. folgende Daten an Google \u00fcbermittelt:<\/p>\n<p>Aufgerufene Seiten<br \/>\nDie Erreichung von &#8220;Website-Zielen&#8221; (z.B. Kontaktanfragen)<br \/>\nIhr Verhalten auf den Seiten (beispielsweise Verweildauer, Klicks, Scrolltiefe)<br \/>\nIhr ungef\u00e4hrer Standort (Land und Stadt)<br \/>\nIhre Internetadresse (IP-Adresse)<br \/>\nTechnische Informationen wie Browser, Internetanbieter, Endger\u00e4t und Bildschirmaufl\u00f6sung<br \/>\nHerkunftsquelle Ihres Besuchs (d.h. \u00fcber welche Website bzw. \u00fcber welches Werbemittel Sie zu uns gekommen sind)<br \/>\nEine zufallsgenerierte User-ID<br \/>\nEs werden keine pers\u00f6nliche Daten wie Name, Anschrift oder Kontaktdaten an Google Analytics \u00fcbertragen.<\/p>\n<p>Diese Daten werden an Server von Google in den USA \u00fcbertragen. Wir weisen darauf hin, dass in den USA datenschutzrechtlich nicht das gleiche Schutzniveau wie innerhalb der EU garantiert werden kann.<\/p>\n<p>Google Analytics speichert Cookies in Ihrem Webbrowser f\u00fcr die Dauer von zwei Jahren seit Ihrem letzten Besuch. Diese Cookies enthaltene eine zufallsgenerierte User-ID, mit der Sie bei zuk\u00fcnftigen Website-Besuchen wiedererkannt werden k\u00f6nnen.<\/p>\n<p>Die aufgezeichneten Daten werden zusammen mit der zufallsgenerierten User-ID gespeichert, was die Auswertung pseudonymer Nutzerprofile erm\u00f6glicht. Diese nutzerbezogenen Daten werden automatisch nach 14 Monaten gel\u00f6scht. Sonstige Daten bleiben in aggregierter Form unbefristet gespeichert.<\/p>\n<p>Sollten Sie mit der Erfassung nicht einverstanden sein, k\u00f6nnen Sie diese mit der einmaligen Installation des Browser-Add-ons zur Deaktivierung von Google Analytics unterbinden oder durch das Ablehnen der Cookies \u00fcber unseren Cookie-Einstellungs-Dialog.<\/p>\n<p>Unsere auf die Web-Analyse bezogene Datenverarbeitung erfolgt auf Basis der gesetzlichen Bestimmungen des \u00a7 165 Abs 3 TKG sowie des Art 6 Abs 1 lit a (Einwilligung) und\/oder lit f (berechtigtes Interesse) der DSVGO. Unser Anliegen im Sinne der DSGVO (berechtigtes Interesse) ist die Verbesserung unseres Angebotes und unseres Webauftritts.<\/p>\n<h2><b><span data-contrast=\"auto\">Ihre Rechte<\/span><\/b><span data-ccp-props=\"{\">\u00a0<\/span><\/h2>\n<p><span data-contrast=\"auto\">Ihnen stehen grunds\u00e4tzlich die Rechte auf Auskunft, Berichtigung, L\u00f6schung, Einschr\u00e4nkung, Daten\u00fcbertragbarkeit, Widerruf und Widerspruch zu. Wenn Sie glauben, dass die Verarbeitung Ihrer Daten gegen das Datenschutzrecht verst\u00f6\u00dft oder Ihre datenschutzrechtlichen Anspr\u00fcche sonst in einer Weise verletzt worden sind, k\u00f6nnen Sie sich bei der Aufsichtsbeh\u00f6rde beschweren. In \u00d6sterreich ist dies die Datenschutzbeh\u00f6rde.<\/span><span data-ccp-props=\"{\">\u00a0<\/span><\/p>\n<p><span data-ccp-props=\"{\">\u00a0<\/span><\/p>\n<\/div><\/section><\/div>\n","protected":false},"excerpt":{"rendered":"","protected":false},"author":2,"featured_media":0,"parent":0,"menu_order":0,"comment_status":"closed","ping_status":"closed","template":"","meta":{"footnotes":""},"yoast_head":"<!-- This site is optimized with the Yoast SEO plugin v22.6 - https:\/\/yoast.com\/wordpress\/plugins\/seo\/ -->\n<title>Datenschutzerkl\u00e4rung - MetGIS<\/title>\n<meta name=\"robots\" content=\"index, follow, max-snippet:-1, max-image-preview:large, max-video-preview:-1\" \/>\n<link rel=\"canonical\" href=\"https:\/\/metgis.com\/de\/datenschutzerklaerung\/\" \/>\n<meta property=\"og:locale\" content=\"de_DE\" \/>\n<meta property=\"og:type\" content=\"article\" \/>\n<meta property=\"og:title\" content=\"Datenschutzerkl\u00e4rung - MetGIS\" \/>\n<meta property=\"og:url\" content=\"https:\/\/metgis.com\/de\/datenschutzerklaerung\/\" \/>\n<meta property=\"og:site_name\" content=\"MetGIS\" \/>\n<meta property=\"article:modified_time\" content=\"2025-01-24T20:03:10+00:00\" \/>\n<meta name=\"twitter:card\" content=\"summary_large_image\" \/>\n<meta name=\"twitter:label1\" content=\"Est. reading time\" \/>\n\t<meta name=\"twitter:data1\" content=\"5 Minuten\" \/>\n<script type=\"application\/ld+json\" class=\"yoast-schema-graph\">{\"@context\":\"https:\/\/schema.org\",\"@graph\":[{\"@type\":\"WebPage\",\"@id\":\"https:\/\/metgis.com\/de\/datenschutzerklaerung\/\",\"url\":\"https:\/\/metgis.com\/de\/datenschutzerklaerung\/\",\"name\":\"Datenschutzerkl\u00e4rung - MetGIS\",\"isPartOf\":{\"@id\":\"https:\/\/metgis.com\/de\/#website\"},\"datePublished\":\"2024-05-16T09:35:42+00:00\",\"dateModified\":\"2025-01-24T20:03:10+00:00\",\"breadcrumb\":{\"@id\":\"https:\/\/metgis.com\/de\/datenschutzerklaerung\/#breadcrumb\"},\"inLanguage\":\"de-DE\",\"potentialAction\":[{\"@type\":\"ReadAction\",\"target\":[\"https:\/\/metgis.com\/de\/datenschutzerklaerung\/\"]}]},{\"@type\":\"BreadcrumbList\",\"@id\":\"https:\/\/metgis.com\/de\/datenschutzerklaerung\/#breadcrumb\",\"itemListElement\":[{\"@type\":\"ListItem\",\"position\":1,\"name\":\"Home\",\"item\":\"https:\/\/metgis.com\/de\/startseite\/\"},{\"@type\":\"ListItem\",\"position\":2,\"name\":\"Datenschutzerkl\u00e4rung\"}]},{\"@type\":\"WebSite\",\"@id\":\"https:\/\/metgis.com\/de\/#website\",\"url\":\"https:\/\/metgis.com\/de\/\",\"name\":\"MetGIS\",\"description\":\"\",\"publisher\":{\"@id\":\"https:\/\/metgis.com\/de\/#organization\"},\"potentialAction\":[{\"@type\":\"SearchAction\",\"target\":{\"@type\":\"EntryPoint\",\"urlTemplate\":\"https:\/\/metgis.com\/de\/?s={search_term_string}\"},\"query-input\":\"required name=search_term_string\"}],\"inLanguage\":\"de-DE\"},{\"@type\":\"Organization\",\"@id\":\"https:\/\/metgis.com\/de\/#organization\",\"name\":\"MetGIS\",\"url\":\"https:\/\/metgis.com\/de\/\",\"logo\":{\"@type\":\"ImageObject\",\"inLanguage\":\"de-DE\",\"@id\":\"https:\/\/metgis.com\/de\/#\/schema\/logo\/image\/\",\"url\":\"https:\/\/metgis.com\/wp-content\/uploads\/2024\/05\/metgis_logo_big_R.png\",\"contentUrl\":\"https:\/\/metgis.com\/wp-content\/uploads\/2024\/05\/metgis_logo_big_R.png\",\"width\":3508,\"height\":2480,\"caption\":\"MetGIS\"},\"image\":{\"@id\":\"https:\/\/metgis.com\/de\/#\/schema\/logo\/image\/\"}}]}<\/script>\n<!-- \/ Yoast SEO plugin. -->","yoast_head_json":{"title":"Datenschutzerkl\u00e4rung - MetGIS","robots":{"index":"index","follow":"follow","max-snippet":"max-snippet:-1","max-image-preview":"max-image-preview:large","max-video-preview":"max-video-preview:-1"},"canonical":"https:\/\/metgis.com\/de\/datenschutzerklaerung\/","og_locale":"de_DE","og_type":"article","og_title":"Datenschutzerkl\u00e4rung - MetGIS","og_url":"https:\/\/metgis.com\/de\/datenschutzerklaerung\/","og_site_name":"MetGIS","article_modified_time":"2025-01-24T20:03:10+00:00","twitter_card":"summary_large_image","twitter_misc":{"Est. reading time":"5 Minuten"},"schema":{"@context":"https:\/\/schema.org","@graph":[{"@type":"WebPage","@id":"https:\/\/metgis.com\/de\/datenschutzerklaerung\/","url":"https:\/\/metgis.com\/de\/datenschutzerklaerung\/","name":"Datenschutzerkl\u00e4rung - MetGIS","isPartOf":{"@id":"https:\/\/metgis.com\/de\/#website"},"datePublished":"2024-05-16T09:35:42+00:00","dateModified":"2025-01-24T20:03:10+00:00","breadcrumb":{"@id":"https:\/\/metgis.com\/de\/datenschutzerklaerung\/#breadcrumb"},"inLanguage":"de-DE","potentialAction":[{"@type":"ReadAction","target":["https:\/\/metgis.com\/de\/datenschutzerklaerung\/"]}]},{"@type":"BreadcrumbList","@id":"https:\/\/metgis.com\/de\/datenschutzerklaerung\/#breadcrumb","itemListElement":[{"@type":"ListItem","position":1,"name":"Home","item":"https:\/\/metgis.com\/de\/startseite\/"},{"@type":"ListItem","position":2,"name":"Datenschutzerkl\u00e4rung"}]},{"@type":"WebSite","@id":"https:\/\/metgis.com\/de\/#website","url":"https:\/\/metgis.com\/de\/","name":"MetGIS","description":"","publisher":{"@id":"https:\/\/metgis.com\/de\/#organization"},"potentialAction":[{"@type":"SearchAction","target":{"@type":"EntryPoint","urlTemplate":"https:\/\/metgis.com\/de\/?s={search_term_string}"},"query-input":"required name=search_term_string"}],"inLanguage":"de-DE"},{"@type":"Organization","@id":"https:\/\/metgis.com\/de\/#organization","name":"MetGIS","url":"https:\/\/metgis.com\/de\/","logo":{"@type":"ImageObject","inLanguage":"de-DE","@id":"https:\/\/metgis.com\/de\/#\/schema\/logo\/image\/","url":"https:\/\/metgis.com\/wp-content\/uploads\/2024\/05\/metgis_logo_big_R.png","contentUrl":"https:\/\/metgis.com\/wp-content\/uploads\/2024\/05\/metgis_logo_big_R.png","width":3508,"height":2480,"caption":"MetGIS"},"image":{"@id":"https:\/\/metgis.com\/de\/#\/schema\/logo\/image\/"}}]}},"_links":{"self":[{"href":"https:\/\/metgis.com\/de\/wp-json\/wp\/v2\/pages\/1418"}],"collection":[{"href":"https:\/\/metgis.com\/de\/wp-json\/wp\/v2\/pages"}],"about":[{"href":"https:\/\/metgis.com\/de\/wp-json\/wp\/v2\/types\/page"}],"author":[{"embeddable":true,"href":"https:\/\/metgis.com\/de\/wp-json\/wp\/v2\/users\/2"}],"replies":[{"embeddable":true,"href":"https:\/\/metgis.com\/de\/wp-json\/wp\/v2\/comments?post=1418"}],"version-history":[{"count":24,"href":"https:\/\/metgis.com\/de\/wp-json\/wp\/v2\/pages\/1418\/revisions"}],"predecessor-version":[{"id":11086,"href":"https:\/\/metgis.com\/de\/wp-json\/wp\/v2\/pages\/1418\/revisions\/11086"}],"wp:attachment":[{"href":"https:\/\/metgis.com\/de\/wp-json\/wp\/v2\/media?parent=1418"}],"curies":[{"name":"wp","href":"https:\/\/api.w.org\/{rel}","templated":true}]}}