{"id":10411,"date":"2024-11-05T08:54:57","date_gmt":"2024-11-05T07:54:57","guid":{"rendered":"https:\/\/metgis.com\/?page_id=10411"},"modified":"2024-11-14T12:44:43","modified_gmt":"2024-11-14T11:44:43","slug":"widerruf","status":"publish","type":"page","link":"https:\/\/metgis.com\/de\/widerruf\/","title":{"rendered":"Widerrufsbelehrung"},"content":{"rendered":"<section  class='av_textblock_section av-m345x81t-7e64535c669ae54e97cfd524eb9a1425 '   itemscope=\"itemscope\" itemtype=\"https:\/\/schema.org\/CreativeWork\" ><div class='avia_textblock'  itemprop=\"text\" ><h1>Widerrufsbelehrung<\/h1>\n<p>Nachfolgend findet sich der \u00a72 aus den AGB von MetGIS vom 01.09.2024 (abrufbar unter <a href=\"https:\/\/metgis.com\/de\/agb\/\">https:\/\/metgis.com\/de\/agb\/<\/a> ).<\/p>\n<p><strong>\u00a7 2\u00a0BESTIMMUNGEN NUR F\u00dcR VERBRAUCHER\/-INNEN im Sinne des \u00a7 1 Abs. 1 Z 2 KSchG (kursiv):<\/strong><\/p>\n<p><em>Wetterprodukte k\u00f6nnen \u00fcber den Webshop auch von VerbraucherInnen eingekauft werden. Es wird darauf hingewiesen, dass diese Dienstleistungen u.U. unter die Ausnahmebestimmungen des \u00a7 18 Abs. 1 Ziffer 1 und Ziffer 3 Fern- und Ausw\u00e4rtsgesch\u00e4fte-Gesetz (in der Folge \u201eFAGG\u201c) fallen k\u00f6nnen.<\/em><\/p>\n<p><em>\u00a7 18 Abs. 1 Ziffer 1 FAGG sieht vor, dass von vollst\u00e4ndig erbrachten Dienstleistungen w\u00e4hrend der 14-t\u00e4gigen R\u00fccktrittsfrist nicht zur\u00fcckgetreten werden kann. Sofern die Dienstleistungen teilweise erbracht wurden, hat die Kundin\/der Kunde MetGIS jenen Betrag zu zahlen, der im Vergleich zum vertraglich vereinbarten Gesamtpreis verh\u00e4ltnism\u00e4\u00dfig den von MetGIS bis zum R\u00fccktritt erbrachten Leistungen entspricht<\/em>.<\/p>\n<p><em>\u00a7 18 Abs. 1 Ziffer 3 FAGG sieht vor, dass bei einer kundenspezifischen Anfertigung ebenfalls kein R\u00fccktrittsrecht besteht.<\/em><\/p>\n<p><em>Die Bestimmungen in den \u00a7\u00a7 2.1 und 2.2 dieser AGB gelten ausschlie\u00dflich f\u00fcr VerbraucherInnen gem\u00e4\u00df \u00a7 1 Abs. 1 Z 2 KSchG:<\/em><\/p>\n<p><strong>\u00a7 2.1 Informationspflichten<\/strong><\/p>\n<p><em>Gem\u00e4\u00df \u00a7 5a Abs. 1 Konsumentenschutzgesetz (in der Folge \u201eKSchG\u201c) und \u00a7 4 Abs. 1 FAGG erteilt MetGIS der Kundin\/dem Kunden nachstehende bereits vorhandene Informationen:<\/em><br \/>\n<em>Wesentliche Eigenschaften der Dienstleistung:<\/em><br \/>\n<em>Wetterprognosen- und \u2013analysen<\/em><\/p>\n<p><span style=\"color: #333333; font-family: myriad-pro, sans-serif; font-size: 16px; font-style: italic; white-space-collapse: collapse; background-color: rgba(255, 255, 255, 0.8);\">Vertragspartner: MetGIS GmbH, Lange Gasse 16\/18, 1080 Wien, \u00d6sterreich, FN 395047b, Handelsgericht Wien,E-Mail:\u00a0<\/span><a style=\"margin: 0px; padding: 0px; color: #015aa2; font-family: myriad-pro, sans-serif; font-size: 16px; font-style: italic; white-space-collapse: collapse; background-color: rgba(255, 255, 255, 0.8);\" href=\"mailto:office@metgis.com\">office@metgis.com<\/a><\/p>\n<p><span style=\"color: #333333; font-family: myriad-pro, sans-serif; font-size: 16px; font-style: italic; white-space-collapse: collapse; background-color: rgba(255, 255, 255, 0.8);\">Gesamtpreis\/-kosten: Die auf der Website angegebenen Preise verstehen sich exklusive Steuern und Abgaben, au\u00dfer es ist Gegenteiliges angef\u00fchrt.<\/span><\/p>\n<p><em>Kosten Fernkommunikation: Normaltarif der Kundin\/des Kunden (keine Mehrwerttarife).<\/em><br \/>\n<em>Zahlungsbedingungen: siehe \u00a7 6<\/em><br \/>\n<em>R\u00fccktrittsrecht: siehe Widerrufsbelehrung \u00a7 2.2.<\/em><br \/>\n<em>Gew\u00e4hrleistungsrecht: gem\u00e4\u00df \u00a7 922 ff ABGB<\/em><br \/>\n<em>K\u00fcndigungsbedingungen:<\/em><br \/>\n<em>Bei Dauerschuldverh\u00e4ltnissen: schriftlich 3 Monate vor Vertragsende, siehe Vertragsdauer \u00a7 13<\/em><br \/>\n<em>Beim Einzelkauf: keine K\u00fcndigung erforderlich<\/em><\/p>\n<p><strong>\u00a7 2.2 Widerrufs- bzw. R\u00fccktrittsrecht<\/strong><\/p>\n<p style=\"margin-top: 0px; margin-bottom: 0px; padding: 0px 0px 10px;\">Die Kundin\/Der Kunde ist, soweit sie\/er Konsument im Sinne des KSchG ist, gem\u00e4\u00df \u00a7 3 KSchG und \u00a7 11 Abs. 1 FAGG gesetzlich berechtigt, ihre\/seine au\u00dferhalb der Gesch\u00e4ftsr\u00e4umlichkeiten von MetGIS abgegebene Vertragserkl\u00e4rung (Bestellung) zu widerrufen bzw. (nach erfolgter Annahme durch MetGIS) vom Vertrag zu den Bedingungen der nachstehenden Widerrufserkl\u00e4rung (siehe \u00a7 2) zur\u00fcckzutretenR\u00fccktrittsfrist: Der R\u00fccktritt ist binnen 14 Tagen nach Zugriff auf die Wetterprodukte auszu\u00fcben.Kein Widerrufs- bzw. R\u00fccktrittsrecht besteht beispielsweise bei<\/p>\n<ul>\n<li style=\"margin: 0px; padding: 0px;\">der Bereitstellung der Wetterprodukte, wenn MetGIS \u2013 auf Grundlage eines ausdr\u00fccklichen Verlangens der Kundin\/des Kunden sowie einer Best\u00e4tigung der Kundin\/des Kunden \u00fcber deren\/dessen Kenntnis vom Verlust des R\u00fccktrittsrechts bei vollst\u00e4ndiger Vertragserf\u00fcllung \u2013 noch vor Ablauf der R\u00fccktrittsfrist von 14 Tagen mit der Ausf\u00fchrung der Dienstleistung (= Bereitstellung der Wetterprodukte) begonnen hatte und die Dienstleistung sodann vollst\u00e4ndig erbracht wurde (sofort abrufbare Dienstleistungen),<\/li>\n<li style=\"margin: 0px; padding: 0px;\">bei der digitalen Lieferung, soweit MetGIS vor Ablauf des R\u00fccktrittsrechtes mit der Lieferung begonnen hat und die Kundin\/der Kunde den Verlust des R\u00fccktrittsrechtes zur Kenntnis genommen und diesem ausdr\u00fccklich zugestimmt hat.<\/li>\n<li style=\"margin: 0px; padding: 0px;\">Gesch\u00e4ften, welche EUR 50,00 nicht \u00fcbersteigen<\/li>\n<\/ul>\n<p>Widerrufsbelehrung: Gem\u00e4\u00df \u00a7 3 KSchG und \u00a7 4 Abs. 1 Z 8 FAGG belehrt MetGIS die Kundin\/den Kunden \u00fcber nachstehendes Widerrufsrecht:<\/p>\n<p><strong>FOLGEN DES WIDERRUFS<\/strong><\/p>\n<p>Wenn Sie diesen Vertrag ohne Geltung der Ausnahmebestimmungen gem\u00e4\u00df \u00a7 18 FAGG widerrufen, haben wir Ihnen alle Zahlungen, die wir von Ihnen erhalten haben, abz\u00fcglich unserer aliquot berechneten erbrachten Leistungen gem\u00e4\u00df \u00a7 16 Abs. 1 FAGG, unverz\u00fcglich und sp\u00e4testens binnen 14 Tagen ab dem Tag zur\u00fcckzuzahlen, an dem die Mitteilung \u00fcber Ihren Widerruf dieses Vertrags bei uns eingegangen ist. F\u00fcr diese R\u00fcckzahlung verwenden wir dasselbe Zahlungsmittel, das Sie bei der urspr\u00fcnglichen Transaktion eingesetzt haben, es sei denn, mit Ihnen wurde ausdr\u00fccklich etwas anders vereinbart; in keinem Fall werden Ihnen wegen dieser R\u00fcckzahlung Entgelte berechnet.<\/p>\n<p><strong>MUSTER WIDERRUFSERKL\u00c4RUNG:<\/strong><\/p>\n<p><strong>An MetGIS GmbH, Lange Gasse 16\/18, 1080 Wien, \u00d6sterreich, FN 395047b, Handelsgericht Wien, E-Mail: office@metgis.com:<br \/>\nHiermit widerrufe(n) ich\/wir (*) den von mir\/uns (*) abgeschlossenen Vertrag \u00fcber den Kauf der folgenden Waren (*)\/die Erbringung der folgenden Dienstleistung (*)<br \/>\nBestellt am (*) \/erhalten am (*)<br \/>\nName des\/der Verbraucher(s)<br \/>\nAnschrift des\/der Verbraucher(s)<br \/>\nUnterschrift des\/der Verbraucher(s) (nur bei Mitteilung auf Papier)<\/strong><\/p>\n<p>Datum<\/p>\n<p><strong>(*) Unzutreffendes streichen<\/strong><\/p>\n<\/div><\/section>\n","protected":false},"excerpt":{"rendered":"","protected":false},"author":2,"featured_media":0,"parent":0,"menu_order":0,"comment_status":"closed","ping_status":"closed","template":"","meta":{"footnotes":""},"yoast_head":"<!-- This site is optimized with the Yoast SEO plugin v22.6 - https:\/\/yoast.com\/wordpress\/plugins\/seo\/ -->\n<title>Widerrufsbelehrung - MetGIS<\/title>\n<meta name=\"robots\" content=\"index, follow, max-snippet:-1, max-image-preview:large, max-video-preview:-1\" \/>\n<link rel=\"canonical\" href=\"https:\/\/metgis.com\/de\/widerruf\/\" \/>\n<meta property=\"og:locale\" content=\"de_DE\" \/>\n<meta property=\"og:type\" content=\"article\" \/>\n<meta property=\"og:title\" content=\"Widerrufsbelehrung - MetGIS\" \/>\n<meta property=\"og:url\" content=\"https:\/\/metgis.com\/de\/widerruf\/\" \/>\n<meta property=\"og:site_name\" content=\"MetGIS\" \/>\n<meta property=\"article:modified_time\" content=\"2024-11-14T11:44:43+00:00\" \/>\n<meta name=\"twitter:card\" content=\"summary_large_image\" \/>\n<meta name=\"twitter:label1\" content=\"Est. reading time\" \/>\n\t<meta name=\"twitter:data1\" content=\"4 Minuten\" \/>\n<script type=\"application\/ld+json\" class=\"yoast-schema-graph\">{\"@context\":\"https:\/\/schema.org\",\"@graph\":[{\"@type\":\"WebPage\",\"@id\":\"https:\/\/metgis.com\/de\/widerruf\/\",\"url\":\"https:\/\/metgis.com\/de\/widerruf\/\",\"name\":\"Widerrufsbelehrung - MetGIS\",\"isPartOf\":{\"@id\":\"https:\/\/metgis.com\/de\/#website\"},\"datePublished\":\"2024-11-05T07:54:57+00:00\",\"dateModified\":\"2024-11-14T11:44:43+00:00\",\"breadcrumb\":{\"@id\":\"https:\/\/metgis.com\/de\/widerruf\/#breadcrumb\"},\"inLanguage\":\"de-DE\",\"potentialAction\":[{\"@type\":\"ReadAction\",\"target\":[\"https:\/\/metgis.com\/de\/widerruf\/\"]}]},{\"@type\":\"BreadcrumbList\",\"@id\":\"https:\/\/metgis.com\/de\/widerruf\/#breadcrumb\",\"itemListElement\":[{\"@type\":\"ListItem\",\"position\":1,\"name\":\"Home\",\"item\":\"https:\/\/metgis.com\/de\/startseite\/\"},{\"@type\":\"ListItem\",\"position\":2,\"name\":\"Widerrufsbelehrung\"}]},{\"@type\":\"WebSite\",\"@id\":\"https:\/\/metgis.com\/de\/#website\",\"url\":\"https:\/\/metgis.com\/de\/\",\"name\":\"MetGIS\",\"description\":\"\",\"publisher\":{\"@id\":\"https:\/\/metgis.com\/de\/#organization\"},\"potentialAction\":[{\"@type\":\"SearchAction\",\"target\":{\"@type\":\"EntryPoint\",\"urlTemplate\":\"https:\/\/metgis.com\/de\/?s={search_term_string}\"},\"query-input\":\"required name=search_term_string\"}],\"inLanguage\":\"de-DE\"},{\"@type\":\"Organization\",\"@id\":\"https:\/\/metgis.com\/de\/#organization\",\"name\":\"MetGIS\",\"url\":\"https:\/\/metgis.com\/de\/\",\"logo\":{\"@type\":\"ImageObject\",\"inLanguage\":\"de-DE\",\"@id\":\"https:\/\/metgis.com\/de\/#\/schema\/logo\/image\/\",\"url\":\"https:\/\/metgis.com\/wp-content\/uploads\/2024\/05\/metgis_logo_big_R.png\",\"contentUrl\":\"https:\/\/metgis.com\/wp-content\/uploads\/2024\/05\/metgis_logo_big_R.png\",\"width\":3508,\"height\":2480,\"caption\":\"MetGIS\"},\"image\":{\"@id\":\"https:\/\/metgis.com\/de\/#\/schema\/logo\/image\/\"}}]}<\/script>\n<!-- \/ Yoast SEO plugin. -->","yoast_head_json":{"title":"Widerrufsbelehrung - MetGIS","robots":{"index":"index","follow":"follow","max-snippet":"max-snippet:-1","max-image-preview":"max-image-preview:large","max-video-preview":"max-video-preview:-1"},"canonical":"https:\/\/metgis.com\/de\/widerruf\/","og_locale":"de_DE","og_type":"article","og_title":"Widerrufsbelehrung - MetGIS","og_url":"https:\/\/metgis.com\/de\/widerruf\/","og_site_name":"MetGIS","article_modified_time":"2024-11-14T11:44:43+00:00","twitter_card":"summary_large_image","twitter_misc":{"Est. reading time":"4 Minuten"},"schema":{"@context":"https:\/\/schema.org","@graph":[{"@type":"WebPage","@id":"https:\/\/metgis.com\/de\/widerruf\/","url":"https:\/\/metgis.com\/de\/widerruf\/","name":"Widerrufsbelehrung - MetGIS","isPartOf":{"@id":"https:\/\/metgis.com\/de\/#website"},"datePublished":"2024-11-05T07:54:57+00:00","dateModified":"2024-11-14T11:44:43+00:00","breadcrumb":{"@id":"https:\/\/metgis.com\/de\/widerruf\/#breadcrumb"},"inLanguage":"de-DE","potentialAction":[{"@type":"ReadAction","target":["https:\/\/metgis.com\/de\/widerruf\/"]}]},{"@type":"BreadcrumbList","@id":"https:\/\/metgis.com\/de\/widerruf\/#breadcrumb","itemListElement":[{"@type":"ListItem","position":1,"name":"Home","item":"https:\/\/metgis.com\/de\/startseite\/"},{"@type":"ListItem","position":2,"name":"Widerrufsbelehrung"}]},{"@type":"WebSite","@id":"https:\/\/metgis.com\/de\/#website","url":"https:\/\/metgis.com\/de\/","name":"MetGIS","description":"","publisher":{"@id":"https:\/\/metgis.com\/de\/#organization"},"potentialAction":[{"@type":"SearchAction","target":{"@type":"EntryPoint","urlTemplate":"https:\/\/metgis.com\/de\/?s={search_term_string}"},"query-input":"required name=search_term_string"}],"inLanguage":"de-DE"},{"@type":"Organization","@id":"https:\/\/metgis.com\/de\/#organization","name":"MetGIS","url":"https:\/\/metgis.com\/de\/","logo":{"@type":"ImageObject","inLanguage":"de-DE","@id":"https:\/\/metgis.com\/de\/#\/schema\/logo\/image\/","url":"https:\/\/metgis.com\/wp-content\/uploads\/2024\/05\/metgis_logo_big_R.png","contentUrl":"https:\/\/metgis.com\/wp-content\/uploads\/2024\/05\/metgis_logo_big_R.png","width":3508,"height":2480,"caption":"MetGIS"},"image":{"@id":"https:\/\/metgis.com\/de\/#\/schema\/logo\/image\/"}}]}},"_links":{"self":[{"href":"https:\/\/metgis.com\/de\/wp-json\/wp\/v2\/pages\/10411"}],"collection":[{"href":"https:\/\/metgis.com\/de\/wp-json\/wp\/v2\/pages"}],"about":[{"href":"https:\/\/metgis.com\/de\/wp-json\/wp\/v2\/types\/page"}],"author":[{"embeddable":true,"href":"https:\/\/metgis.com\/de\/wp-json\/wp\/v2\/users\/2"}],"replies":[{"embeddable":true,"href":"https:\/\/metgis.com\/de\/wp-json\/wp\/v2\/comments?post=10411"}],"version-history":[{"count":9,"href":"https:\/\/metgis.com\/de\/wp-json\/wp\/v2\/pages\/10411\/revisions"}],"predecessor-version":[{"id":10544,"href":"https:\/\/metgis.com\/de\/wp-json\/wp\/v2\/pages\/10411\/revisions\/10544"}],"wp:attachment":[{"href":"https:\/\/metgis.com\/de\/wp-json\/wp\/v2\/media?parent=10411"}],"curies":[{"name":"wp","href":"https:\/\/api.w.org\/{rel}","templated":true}]}}